{"id":1192,"date":"2021-10-06T10:11:10","date_gmt":"2021-10-06T09:11:10","guid":{"rendered":"http:\/\/www.casmmu.be\/?page_id=1192"},"modified":"2021-10-06T10:11:10","modified_gmt":"2021-10-06T09:11:10","slug":"candidature","status":"publish","type":"page","link":"https:\/\/www.casmmu.be\/nl\/candidature\/","title":{"rendered":"Candidature"},"content":{"rendered":"\t<div class=\"clearfix\"><\/div>\r\n    <form id=\"casmmu_application_form\" action=\"\" method=\"POST\" enctype=\"multipart\/form-data\">   \r\n\t\t<div class=\"row\">\r\n\t\t\t<div class=\"col-md-12 text-right\">(*) Champs obligatoires<\/div>\r\n\t\t<\/div>\r\n         <div class=\"row\">\r\n            <div class=\"form-group col-md-12\">\r\n              <label for=\"application_candidature\" class=\"control-label\">S\u00e9lectionnez le poste *<\/label>          \r\n                <select class=\"form-control\" id=\"application_candidature\" name=\"application_candidature\">                   \r\n                    <option value=\"905\" >Stage<\/option><option value=\"677\" >Candidature spontan\u00e9e<\/option>                <\/select>          \r\n            <\/div>        \r\n        <\/div>\r\n        \r\n        <div class=\"row\">\r\n            <div class=\"form-group col-md-12\">\r\n              <label for=\"application_email\" class=\"control-label\">E-mail *<\/label>\r\n              <input type=\"email\" class=\"form-control\" id=\"application_email\" name=\"application_email\" value=\"\" required=\"\">\r\n            <\/div>      \r\n        <\/div>\r\n        <div class=\"row\">\r\n            <div class=\"form-group col-md-3\">\r\n              <label for=\"application_civilite\" class=\"control-label\">Civilit\u00e9 *<\/label>\r\n              <select class=\"form-control\" id=\"application_civilite\" name=\"application_civilite\" required>\r\n                  <option  value=\"Monsieur\">Monsieur<\/option>\r\n                  <option  value=\"Madame\">Madame<\/option>\r\n              <\/select>\r\n            <\/div>\r\n            <div class=\"form-group col-md-5\">\r\n              <label for=\"application_nom\" class=\"control-label\">Nom *<\/label>\r\n              <input type=\"text\" class=\"form-control\" id=\"application_nom\" name=\"application_nom\" value=\"\" required>\r\n            <\/div>\r\n            <div class=\"form-group col-md-4\">\r\n              <label for=\"application_prenom\" class=\"control-label\">Pr\u00e9nom *<\/label>\r\n              <input type=\"text\" class=\"form-control\" id=\"application_prenom\" name=\"application_prenom\" value=\"\" required>\r\n            <\/div>\r\n        <\/div>\r\n        <div class=\"row\">\r\n            <div class=\"form-group col-md-12\">\r\n              <label for=\"application_dateNais\" class=\"control-label\">Date de naissance *<\/label>\r\n              <input type=\"text\" pattern=\"\\d{2}\\\/\\d{2}\\\/\\d{4}\" class=\"form-control datepicker\" id=\"application_dateNais\" placeholder=\"Format : JJ\/MM\/AAAA\" name=\"application_dateNais\" value=\"\" required>\r\n            <\/div>        \r\n        <\/div>        \r\n        <div class=\"row\">\r\n            <div class=\"form-group col-md-8\">\r\n              <label for=\"application_rue\" class=\"control-label\">Adresse *<\/label>\r\n              <input type=\"text\" class=\"form-control\" id=\"application_rue\" name=\"application_rue\" value=\"\" required>\r\n            <\/div>        \r\n            <div class=\"form-group col-md-4\">\r\n              <label for=\"application_rue_num\" class=\"control-label\">Num\u00e9ro *<\/label>\r\n              <input type=\"text\" class=\"form-control\" id=\"application_rue_num\" name=\"application_rue_num\" value=\"\" required>\r\n            <\/div>\r\n        <\/div>\r\n        <div class=\"row\">\r\n            <div class=\"form-group col-md-4\">\r\n              <label for=\"application_cp\" class=\"control-label\">Code postal *<\/label>\r\n              <input type=\"text\" class=\"form-control typeahead\" data-col=\"zipcode_code\" id=\"application_cp\" name=\"application_cp\" value=\"\" required>\r\n            <\/div>\r\n            <div class=\"form-group col-md-8\">\r\n              <label for=\"application_localite\" class=\"control-label\">Localit\u00e9 *<\/label>\r\n              <input type=\"text\" class=\"form-control typeahead\" data-col=\"zipcode_label\" id=\"application_localite\" name=\"application_localite\" value=\"\" required>\r\n            <\/div> \r\n        <\/div>\r\n        <div class=\"row\">\r\n            <div class=\"form-group col-md-6\">\r\n              <label for=\"application_telephone\" class=\"control-label\">T\u00e9l\u00e9phone<\/label>\r\n              <input type=\"text\" class=\"form-control\" id=\"application_telephone\" name=\"application_telephone\" value=\"\">\r\n            <\/div>          \r\n        <\/div>\r\n        <div class=\"row\">\r\n            <div class=\"form-group col-md-12\">\r\n              <label for=\"application_stage\" class=\"control-label\">Stage<\/label>\r\n              <textarea class=\"form-control\" id=\"application_stage\" name=\"application_stage\"><\/textarea>\r\n            <\/div>        \r\n        <\/div>      \r\n        <div class=\"row\">\r\n            <div class=\"form-group col-md-6\">\r\n              <label for=\"application_cv\" class=\"control-label\">CV *<\/label>\r\n              <input type=\"file\" id=\"application_cv\" name=\"application_cv\" required>\r\n              <span class=\"help-block\" id=\"helpBlock\">Formats autoris\u00e9s : PDF, Word, JPG<\/span>\r\n            <\/div>        \r\n            <div class=\"form-group col-md-6\">\r\n              <label for=\"application_lettreMotivation\" class=\"control-label\">Lettre de motivation<\/label>\r\n              <input type=\"file\" id=\"application_lettreMotivation\" name=\"application_lettreMotivation\"> \r\n              <span class=\"help-block\" id=\"helpBlock\">Formats autoris\u00e9s : PDF, Word, JPG<\/span>\r\n            <\/div> \r\n        <\/div>\r\n                \r\n        <div class=\"row\">\r\n            <div class=\"form-group col-md-6\">\r\n              <label for=\"application_contrat\" class=\"control-label\">Contrat *<\/label>\r\n                <select class=\"form-control\" id=\"application_contrat\" name=\"application_contrat\" required>\r\n                    <option selected=\"selected\" value=\"S\u00e9lectionner\">-- S\u00e9lectionner --<\/option>\r\n                    <option  value=\"Temps plein\">Temps plein<\/option>\r\n                    <option  value=\"Temps partiel\">Temps partiel<\/option>                   \r\n                <\/select>          \r\n            <\/div>                   \r\n        <\/div>\r\n        <div class=\"checkbox\">\r\n            <label>\r\n                <input type=\"checkbox\" name=\"swPc\" value=\"1\" required>J'accepte que mes donn\u00e9es soient utilis\u00e9es conform\u00e9ment \u00e0 la <a href=\"https:\/\/www.casmmu.be\/politique-de-confidentialite\/\">politique de confidentialit\u00e9<\/a>            <\/label>\r\n        <\/div>\t\t\r\n\t\t<br\/>\r\n\t\t\r\n        <div class=\"row panel-button\">\r\n            <div class=\"form-group col-md-12\">\r\n               <input type=\"hidden\" name=\"casmmu_application_nonce\" value=\"af7750def3\"\/>\r\n                <input type=\"hidden\" name=\"check\" value=\"\"\/>\r\n               <input type=\"submit\" class=\"btn btn-block\" value=\"Envoyer ma candidature\"\/>\r\n           <\/div>           \r\n        <\/div>\r\n\t\t<script>renderHtml5Validation();<\/script>\r\n    <\/form>\r\n    <div class=\"clearfix\"><\/div>\r\n\n","protected":false},"excerpt":{"rendered":"","protected":false},"author":1,"featured_media":0,"parent":0,"menu_order":0,"comment_status":"closed","ping_status":"closed","template":"page-template\/page-sansmenu.php","meta":{"_acf_changed":false,"footnotes":""},"class_list":["post-1192","page","type-page","status-publish","hentry"],"acf":[],"yoast_head":"<!-- This site is optimized with the Yoast SEO plugin v27.5 - https:\/\/yoast.com\/product\/yoast-seo-wordpress\/ -->\n<title>Candidature - Habitations Prot\u00e9g\u00e9es CASMMU<\/title>\n<meta name=\"robots\" content=\"index, follow, max-snippet:-1, max-image-preview:large, max-video-preview:-1\" \/>\n<link rel=\"canonical\" href=\"http:\/\/www.casmmu.be\/nl\/candidature\/\" \/>\n<meta property=\"og:locale\" content=\"nl_NL\" \/>\n<meta property=\"og:type\" content=\"article\" \/>\n<meta property=\"og:title\" content=\"Candidature - Habitations Prot\u00e9g\u00e9es CASMMU\" \/>\n<meta property=\"og:url\" content=\"http:\/\/www.casmmu.be\/nl\/candidature\/\" \/>\n<meta property=\"og:site_name\" content=\"Habitations Prot\u00e9g\u00e9es CASMMU\" \/>\n<meta name=\"twitter:card\" content=\"summary_large_image\" \/>\n<script type=\"application\/ld+json\" class=\"yoast-schema-graph\">{\"@context\":\"https:\\\/\\\/schema.org\",\"@graph\":[{\"@type\":\"WebPage\",\"@id\":\"http:\\\/\\\/www.casmmu.be\\\/nl\\\/candidature\\\/\",\"url\":\"http:\\\/\\\/www.casmmu.be\\\/nl\\\/candidature\\\/\",\"name\":\"Candidature - Habitations Prot\u00e9g\u00e9es CASMMU\",\"isPartOf\":{\"@id\":\"https:\\\/\\\/www.casmmu.be\\\/#website\"},\"datePublished\":\"2021-10-06T09:11:10+00:00\",\"breadcrumb\":{\"@id\":\"http:\\\/\\\/www.casmmu.be\\\/nl\\\/candidature\\\/#breadcrumb\"},\"inLanguage\":\"nl-NL\",\"potentialAction\":[{\"@type\":\"ReadAction\",\"target\":[\"http:\\\/\\\/www.casmmu.be\\\/nl\\\/candidature\\\/\"]}]},{\"@type\":\"BreadcrumbList\",\"@id\":\"http:\\\/\\\/www.casmmu.be\\\/nl\\\/candidature\\\/#breadcrumb\",\"itemListElement\":[{\"@type\":\"ListItem\",\"position\":1,\"name\":\"Accueil\",\"item\":\"https:\\\/\\\/www.casmmu.be\\\/nl\\\/\"},{\"@type\":\"ListItem\",\"position\":2,\"name\":\"Candidature\"}]},{\"@type\":\"WebSite\",\"@id\":\"https:\\\/\\\/www.casmmu.be\\\/#website\",\"url\":\"https:\\\/\\\/www.casmmu.be\\\/\",\"name\":\"Habitations Prot\u00e9g\u00e9es CASMMU\",\"description\":\"\",\"potentialAction\":[{\"@type\":\"SearchAction\",\"target\":{\"@type\":\"EntryPoint\",\"urlTemplate\":\"https:\\\/\\\/www.casmmu.be\\\/?s={search_term_string}\"},\"query-input\":{\"@type\":\"PropertyValueSpecification\",\"valueRequired\":true,\"valueName\":\"search_term_string\"}}],\"inLanguage\":\"nl-NL\"}]}<\/script>\n<!-- \/ Yoast SEO plugin. -->","yoast_head_json":{"title":"Candidature - Habitations Prot\u00e9g\u00e9es CASMMU","robots":{"index":"index","follow":"follow","max-snippet":"max-snippet:-1","max-image-preview":"max-image-preview:large","max-video-preview":"max-video-preview:-1"},"canonical":"http:\/\/www.casmmu.be\/nl\/candidature\/","og_locale":"nl_NL","og_type":"article","og_title":"Candidature - Habitations Prot\u00e9g\u00e9es CASMMU","og_url":"http:\/\/www.casmmu.be\/nl\/candidature\/","og_site_name":"Habitations Prot\u00e9g\u00e9es CASMMU","twitter_card":"summary_large_image","schema":{"@context":"https:\/\/schema.org","@graph":[{"@type":"WebPage","@id":"http:\/\/www.casmmu.be\/nl\/candidature\/","url":"http:\/\/www.casmmu.be\/nl\/candidature\/","name":"Candidature - Habitations Prot\u00e9g\u00e9es CASMMU","isPartOf":{"@id":"https:\/\/www.casmmu.be\/#website"},"datePublished":"2021-10-06T09:11:10+00:00","breadcrumb":{"@id":"http:\/\/www.casmmu.be\/nl\/candidature\/#breadcrumb"},"inLanguage":"nl-NL","potentialAction":[{"@type":"ReadAction","target":["http:\/\/www.casmmu.be\/nl\/candidature\/"]}]},{"@type":"BreadcrumbList","@id":"http:\/\/www.casmmu.be\/nl\/candidature\/#breadcrumb","itemListElement":[{"@type":"ListItem","position":1,"name":"Accueil","item":"https:\/\/www.casmmu.be\/nl\/"},{"@type":"ListItem","position":2,"name":"Candidature"}]},{"@type":"WebSite","@id":"https:\/\/www.casmmu.be\/#website","url":"https:\/\/www.casmmu.be\/","name":"Habitations Prot\u00e9g\u00e9es CASMMU","description":"","potentialAction":[{"@type":"SearchAction","target":{"@type":"EntryPoint","urlTemplate":"https:\/\/www.casmmu.be\/?s={search_term_string}"},"query-input":{"@type":"PropertyValueSpecification","valueRequired":true,"valueName":"search_term_string"}}],"inLanguage":"nl-NL"}]}},"_links":{"self":[{"href":"https:\/\/www.casmmu.be\/nl\/wp-json\/wp\/v2\/pages\/1192","targetHints":{"allow":["GET"]}}],"collection":[{"href":"https:\/\/www.casmmu.be\/nl\/wp-json\/wp\/v2\/pages"}],"about":[{"href":"https:\/\/www.casmmu.be\/nl\/wp-json\/wp\/v2\/types\/page"}],"author":[{"embeddable":true,"href":"https:\/\/www.casmmu.be\/nl\/wp-json\/wp\/v2\/users\/1"}],"replies":[{"embeddable":true,"href":"https:\/\/www.casmmu.be\/nl\/wp-json\/wp\/v2\/comments?post=1192"}],"version-history":[{"count":2,"href":"https:\/\/www.casmmu.be\/nl\/wp-json\/wp\/v2\/pages\/1192\/revisions"}],"predecessor-version":[{"id":1194,"href":"https:\/\/www.casmmu.be\/nl\/wp-json\/wp\/v2\/pages\/1192\/revisions\/1194"}],"wp:attachment":[{"href":"https:\/\/www.casmmu.be\/nl\/wp-json\/wp\/v2\/media?parent=1192"}],"curies":[{"name":"wp","href":"https:\/\/api.w.org\/{rel}","templated":true}]}}