{"id":712,"date":"2017-11-13T13:04:49","date_gmt":"2017-11-13T12:04:49","guid":{"rendered":"http:\/\/www.casmmu.be\/?page_id=712"},"modified":"2017-11-13T13:04:49","modified_gmt":"2017-11-13T12:04:49","slug":"gebruiksvoorwaarden","status":"publish","type":"page","link":"https:\/\/www.casmmu.be\/nl\/gebruiksvoorwaarden\/","title":{"rendered":"Gebruiksvoorwaarden"},"content":{"rendered":"<p style=\"text-align: justify;\"><span style=\"color: #941914;\"><strong>Conditions g\u00e9n\u00e9rales d\u2019utilisation<\/strong><\/span><\/p>\n<p style=\"text-align: justify;\"><span style=\"color: #ffc630;\"><strong>A propos du site<\/strong><\/span><\/p>\n<p style=\"text-align: justify;\">Le Casmmu asbl vous souhaite la bienvenue sur son site internet.<\/p>\n<p style=\"text-align: justify;\">Le site internet du Casmmu est g\u00e9r\u00e9 par la Cellule Communication qui d\u00e9pend de la Direction de l&#8217;asbl.<\/p>\n<p style=\"text-align: justify;\">Ce site Internet, ouvert \u00e0 tous les publics, a pour objet de fournir \u00e0 ses visiteurs des informations sur le Casmmu et ses activit\u00e9s et de mettre \u00e0 disposition des utilisateurs les moyens et coordonn\u00e9es utiles permettant d&#8217;entrer en contact avec ses diff\u00e9rents services.\u2028<\/p>\n<p style=\"text-align: justify;\">Les pages de ce site sont h\u00e9berg\u00e9es par Infomaniak Network SA et d\u00e9velopp\u00e9es par Comase Informatique SA.<\/p>\n<p style=\"text-align: justify;\"><span style=\"color: #941914;\"><strong>Conditions d\u2019acc\u00e8s et d\u2019utilisation du site<\/strong><\/span><\/p>\n<p style=\"text-align: justify;\">L\u2019acc\u00e8s au site internet du Casmmu se fait sous r\u00e9serve de l\u2019acceptation des pr\u00e9sentes conditions g\u00e9n\u00e9rales d\u2019utilisation. Le Casmmu se r\u00e9serve le droit de modifier, de suspendre tout ou partie et de mettre \u00e0 jour, \u00e0 tout moment, le contenu du site ainsi que les pr\u00e9sentes conditions g\u00e9n\u00e9rales d\u2019utilisation. Ces modifications et mises \u00e0 jour s&#8217;imposent \u00e0 l&#8217;utilisateur qui se r\u00e9f\u00e8rera en cons\u00e9quence r\u00e9guli\u00e8rement \u00e0 cette rubrique pour v\u00e9rifier les conditions g\u00e9n\u00e9rales en vigueur.<\/p>\n<p style=\"text-align: justify;\"><span style=\"color: #941914;\"><strong>Contenu et Objet du site <\/strong><\/span><\/p>\n<p style=\"text-align: justify;\">Le Casmmu met \u00e0 disposition son site internet dans le but de faciliter l\u2019information aux patients ainsi qu\u2019\u00e0 toute personne int\u00e9ress\u00e9e par son offre m\u00e9dicale.<\/p>\n<p style=\"text-align: justify;\">Les informations mentionn\u00e9es sur le site Internet du Casmmu sont exclusivement destin\u00e9es \u00e0 une information g\u00e9n\u00e9rale. Un soin particulier y a \u00e9t\u00e9 apport\u00e9 afin de\u00a0 fournir une information pertinente, exacte et actualis\u00e9e. Ces informations sont communiqu\u00e9es \u00e0 titre purement informatif et indicatif.\u00a0Elles ne remplacent en aucun cas les conseils, diagnostics et \u00e9valuations de m\u00e9decins.<\/p>\n<p style=\"text-align: justify;\"><span style=\"color: #941914;\"><strong>Limitation de responsabilit\u00e9<\/strong><\/span><\/p>\n<p style=\"text-align: justify;\">Le visiteur utilise le site du Casmmu sous sa propre responsabilit\u00e9 et \u00e0 ses propres risques. En aucun cas, le Casmmu, ses employ\u00e9s ou ses partenaires ne peuvent \u00eatre tenus pour responsables de dommages ou d\u2019inconv\u00e9nients r\u00e9sultant de l\u2019utilisation de ce site ou de ses informations.<\/p>\n<p style=\"text-align: justify;\"><span style=\"color: #941914;\"><strong>Protection des donn\u00e9es personnelles<\/strong><\/span><\/p>\n<p style=\"text-align: justify;\">Voir \u00e9galement\u00a0\u00ab\u00a0Politique de confidentialit\u00e9\u00a0\u00bb<\/p>\n<ul>\n<li style=\"text-align: justify;\"><span style=\"color: #ffc630;\"><strong>Vie priv\u00e9e<\/strong><\/span><\/li>\n<\/ul>\n<p style=\"text-align: justify;\">L\u2019acc\u00e8s aux ressources de base du site internet du Casmmu ne n\u00e9cessite la communication d\u2019aucune donn\u00e9e \u00e0 caract\u00e8re personnel telle que le nom, la date de naissance, l\u2019adresse, ni le recours \u00e0 une m\u00e9thode d\u2019authentification via login et mot de passe.<\/p>\n<p style=\"text-align: justify;\">Les donn\u00e9es personnelles (noms, adresses postales ou mails, etc.) sont uniquement r\u00e9colt\u00e9es parce qu\u2019elles auront \u00e9t\u00e9 volontairement communiqu\u00e9es par le visiteur du site.<\/p>\n<p style=\"text-align: justify;\">Conform\u00e9ment \u00e0 la loi belge du 8 d\u00e9cembre 1992 relative \u00e0 la protection de la vie priv\u00e9e \u00e0 l\u2019\u00e9gard des traitements de donn\u00e9es \u00e0 caract\u00e8re personnel, modifi\u00e9e par la loi du 11 d\u00e9cembre 1998, les utilisateurs sont inform\u00e9s qu&#8217;ils disposent d&#8217;un droit d&#8217;acc\u00e8s, de rectification aux informations nominatives les concernant et d&#8217;un droit d\u2019opposition. Ces droits peuvent \u00eatre exerc\u00e9s sur simple demande \u00e9crite aupr\u00e8s de :<\/p>\n<ul>\n<li style=\"text-align: justify;\"><span style=\"color: #ffc630;\"><strong>Casmmu<\/strong><\/span><\/li>\n<\/ul>\n<p style=\"text-align: justify;\">Avenue Mar\u00e9chal Foch, 11<\/p>\n<p style=\"text-align: justify;\">1030 Bruxelles<\/p>\n<p style=\"text-align: justify;\">T\u00e9l\u00a0: 02\/216.35.48<\/p>\n<p style=\"text-align: justify;\">E-mail\u00a0: <a href=\"mailto:communication@chjt.be\">communication@casmmu.be <\/a><\/p>\n<ul>\n<li style=\"text-align: justify;\"><span style=\"color: #ffc630;\"><strong>Formulaires \u00ab\u00a0Postulez en ligne\u00a0\u00bb<\/strong><\/span><\/li>\n<\/ul>\n<p style=\"text-align: justify;\">Les donn\u00e9es transmises via ce formulaire sont exclusivement trait\u00e9es et utilis\u00e9es pour l&#8217;usage d\u00e9fini dans le formulaire. Ces donn\u00e9es ne font et ne feront pas l&#8217;objet d&#8217;un traitement pour une autre finalit\u00e9.<\/p>\n<ul>\n<li style=\"text-align: justify;\"><span style=\"color: #ffc630;\"><strong>Cookies<\/strong><\/span><\/li>\n<\/ul>\n<p style=\"text-align: justify;\">Le Casmmu est toutefois susceptible de r\u00e9colter des informations relatives \u00e0 la connexion de ses visiteurs par l\u2019interm\u00e9diaire de cookies. Les cookies sont pr\u00e9sents sur le site Internet pour des raisons techniques et afin d\u2019am\u00e9liorer et d\u2019adapter le contenu du site Internet et n\u2019ont pas pour but de r\u00e9colter des informations personnelles.<\/p>\n<p style=\"text-align: justify;\"><span style=\"color: #941914;\"><strong>Liens externes<\/strong><\/span><\/p>\n<p style=\"text-align: justify;\">Les liens du site internet du Casmmu vers d&#8217;autres sites ou renseignements sont pr\u00e9sent\u00e9s dans un seul but informatif.<\/p>\n<p style=\"text-align: justify;\">Le Casmmu ne peut en aucun cas \u00eatre tenu pour responsables de la mise \u00e0 disposition des sites qui font l&#8217;objet d&#8217;un lien hypertexte \u00e0 partir du pr\u00e9sent site internet et ne supporte aucune responsabilit\u00e9 sur le contenu, les produits et les services disponibles sur ces sites ou \u00e0 partir de ces sites.<\/p>\n<p style=\"text-align: justify;\"><span style=\"color: #941914;\"><strong>Propri\u00e9t\u00e9 intellectuelle<\/strong><\/span><\/p>\n<p style=\"text-align: justify;\">L\u2019ensemble des informations, logos, dessins pr\u00e9sents sur le site Internet du Casmmu sont prot\u00e9g\u00e9s par le droit en vigueur en mati\u00e8re de propri\u00e9t\u00e9 intellectuelle.<\/p>\n<p style=\"text-align: justify;\">Il est interdit de copier, modifier, diffuser, vendre tout ou partie du contenu visuel, textuel ou audiovisuel du site Internet sans le consentement \u00e9crit du Casmmu.<\/p>\n<p style=\"text-align: justify;\">En cas d\u2019utilisation personnelle ou sans but lucratif, la source et les mentions de de droit d\u2019auteur et de propri\u00e9t\u00e9 doivent \u00eatre clairement mentionn\u00e9es.<\/p>\n<p style=\"text-align: justify;\">Aucune photo ou illustration ne peut par ailleurs \u00eatre copi\u00e9e \u00e0 partir du site sans consentement \u00e9crit et pr\u00e9alable de la part du Casmmu et ce quel que soit l\u2019usage envisag\u00e9 de la photo.<\/p>\n<p style=\"text-align: justify;\"><span style=\"color: #941914;\"><strong>Publicit\u00e9<\/strong><\/span><\/p>\n<p style=\"text-align: justify;\">Le site du Casmmu n\u2019accepte et ne per\u00e7oit aucune forme de publicit\u00e9. Il se finance exclusivement sur fonds propres.<\/p>\n<p style=\"text-align: justify;\"><span style=\"color: #941914;\"><strong>L\u00e9gislation applicable et tribunal comp\u00e9tent<\/strong><\/span><\/p>\n<p style=\"text-align: justify;\">Les pr\u00e9sentes conditions g\u00e9n\u00e9rales d\u2019utilisation sont r\u00e9gies par le droit belge et ex\u00e9cut\u00e9es en conformit\u00e9 avec celui-ci. En cas de litige, les tribunaux de l\u2019arrondissement judiciaire de Bruxelles, r\u00f4le francophone, sont comp\u00e9tents.<\/p>\n<p style=\"text-align: justify;\"><span style=\"color: #941914;\"><strong>R\u00e9alisation du site<\/strong><\/span><\/p>\n<p style=\"text-align: justify;\">Le Site Internet du Casmmu a \u00e9t\u00e9 r\u00e9alis\u00e9 par\u00a0<a href=\"http:\/\/www.groupecomase.com\/comaseinfo\/\">Comase Informatique<\/a> et <a href=\"http:\/\/www.stany-graphics.com\/\">Stanygraphics<\/a> \u00a9 2017 &#8211; Tous droits r\u00e9serv\u00e9s<\/p>\n<p style=\"text-align: justify;\">Le site web est g\u00e9r\u00e9 par la Cellule Communication du Casmmu. <br \/>\n Contact : <a href=\"mailto:communication@chjt.be\">communication@casmmu.be<\/a><\/p>\n","protected":false},"excerpt":{"rendered":"<p>Conditions g\u00e9n\u00e9rales d\u2019utilisation A propos du site Le Casmmu asbl vous souhaite la bienvenue sur son site internet. Le site internet du Casmmu est g\u00e9r\u00e9 par la Cellule Communication qui d\u00e9pend de la Direction de l&#8217;asbl. Ce site Internet, ouvert \u00e0 tous les publics, a pour objet de fournir \u00e0 ses visiteurs des informations sur [&hellip;]<\/p>\n","protected":false},"author":2,"featured_media":0,"parent":0,"menu_order":0,"comment_status":"closed","ping_status":"closed","template":"","meta":{"_acf_changed":false,"footnotes":""},"class_list":["post-712","page","type-page","status-publish","hentry"],"acf":[],"yoast_head":"<!-- This site is optimized with the Yoast SEO plugin v27.4 - https:\/\/yoast.com\/product\/yoast-seo-wordpress\/ -->\n<title>Gebruiksvoorwaarden - Habitations Prot\u00e9g\u00e9es CASMMU<\/title>\n<meta name=\"robots\" content=\"index, follow, max-snippet:-1, max-image-preview:large, max-video-preview:-1\" \/>\n<link rel=\"canonical\" href=\"https:\/\/www.casmmu.be\/nl\/gebruiksvoorwaarden\/\" \/>\n<meta property=\"og:locale\" content=\"nl_NL\" \/>\n<meta property=\"og:type\" content=\"article\" \/>\n<meta property=\"og:title\" content=\"Gebruiksvoorwaarden - Habitations Prot\u00e9g\u00e9es CASMMU\" \/>\n<meta property=\"og:description\" content=\"Conditions g\u00e9n\u00e9rales d\u2019utilisation A propos du site Le Casmmu asbl vous souhaite la bienvenue sur son site internet. Le site internet du Casmmu est g\u00e9r\u00e9 par la Cellule Communication qui d\u00e9pend de la Direction de l&#8217;asbl. Ce site Internet, ouvert \u00e0 tous les publics, a pour objet de fournir \u00e0 ses visiteurs des informations sur [&hellip;]\" \/>\n<meta property=\"og:url\" content=\"https:\/\/www.casmmu.be\/nl\/gebruiksvoorwaarden\/\" \/>\n<meta property=\"og:site_name\" content=\"Habitations Prot\u00e9g\u00e9es CASMMU\" \/>\n<meta name=\"twitter:card\" content=\"summary_large_image\" \/>\n<meta name=\"twitter:label1\" content=\"Geschatte leestijd\" \/>\n\t<meta name=\"twitter:data1\" content=\"5 minuten\" \/>\n<script type=\"application\/ld+json\" class=\"yoast-schema-graph\">{\"@context\":\"https:\\\/\\\/schema.org\",\"@graph\":[{\"@type\":\"WebPage\",\"@id\":\"https:\\\/\\\/www.casmmu.be\\\/nl\\\/gebruiksvoorwaarden\\\/\",\"url\":\"https:\\\/\\\/www.casmmu.be\\\/nl\\\/gebruiksvoorwaarden\\\/\",\"name\":\"Gebruiksvoorwaarden - Habitations Prot\u00e9g\u00e9es CASMMU\",\"isPartOf\":{\"@id\":\"https:\\\/\\\/www.casmmu.be\\\/#website\"},\"datePublished\":\"2017-11-13T12:04:49+00:00\",\"breadcrumb\":{\"@id\":\"https:\\\/\\\/www.casmmu.be\\\/nl\\\/gebruiksvoorwaarden\\\/#breadcrumb\"},\"inLanguage\":\"nl-NL\",\"potentialAction\":[{\"@type\":\"ReadAction\",\"target\":[\"https:\\\/\\\/www.casmmu.be\\\/nl\\\/gebruiksvoorwaarden\\\/\"]}]},{\"@type\":\"BreadcrumbList\",\"@id\":\"https:\\\/\\\/www.casmmu.be\\\/nl\\\/gebruiksvoorwaarden\\\/#breadcrumb\",\"itemListElement\":[{\"@type\":\"ListItem\",\"position\":1,\"name\":\"Accueil\",\"item\":\"https:\\\/\\\/www.casmmu.be\\\/nl\\\/\"},{\"@type\":\"ListItem\",\"position\":2,\"name\":\"Gebruiksvoorwaarden\"}]},{\"@type\":\"WebSite\",\"@id\":\"https:\\\/\\\/www.casmmu.be\\\/#website\",\"url\":\"https:\\\/\\\/www.casmmu.be\\\/\",\"name\":\"Habitations Prot\u00e9g\u00e9es CASMMU\",\"description\":\"\",\"potentialAction\":[{\"@type\":\"SearchAction\",\"target\":{\"@type\":\"EntryPoint\",\"urlTemplate\":\"https:\\\/\\\/www.casmmu.be\\\/?s={search_term_string}\"},\"query-input\":{\"@type\":\"PropertyValueSpecification\",\"valueRequired\":true,\"valueName\":\"search_term_string\"}}],\"inLanguage\":\"nl-NL\"}]}<\/script>\n<!-- \/ Yoast SEO plugin. -->","yoast_head_json":{"title":"Gebruiksvoorwaarden - Habitations Prot\u00e9g\u00e9es CASMMU","robots":{"index":"index","follow":"follow","max-snippet":"max-snippet:-1","max-image-preview":"max-image-preview:large","max-video-preview":"max-video-preview:-1"},"canonical":"https:\/\/www.casmmu.be\/nl\/gebruiksvoorwaarden\/","og_locale":"nl_NL","og_type":"article","og_title":"Gebruiksvoorwaarden - Habitations Prot\u00e9g\u00e9es CASMMU","og_description":"Conditions g\u00e9n\u00e9rales d\u2019utilisation A propos du site Le Casmmu asbl vous souhaite la bienvenue sur son site internet. Le site internet du Casmmu est g\u00e9r\u00e9 par la Cellule Communication qui d\u00e9pend de la Direction de l&#8217;asbl. Ce site Internet, ouvert \u00e0 tous les publics, a pour objet de fournir \u00e0 ses visiteurs des informations sur [&hellip;]","og_url":"https:\/\/www.casmmu.be\/nl\/gebruiksvoorwaarden\/","og_site_name":"Habitations Prot\u00e9g\u00e9es CASMMU","twitter_card":"summary_large_image","twitter_misc":{"Geschatte leestijd":"5 minuten"},"schema":{"@context":"https:\/\/schema.org","@graph":[{"@type":"WebPage","@id":"https:\/\/www.casmmu.be\/nl\/gebruiksvoorwaarden\/","url":"https:\/\/www.casmmu.be\/nl\/gebruiksvoorwaarden\/","name":"Gebruiksvoorwaarden - Habitations Prot\u00e9g\u00e9es CASMMU","isPartOf":{"@id":"https:\/\/www.casmmu.be\/#website"},"datePublished":"2017-11-13T12:04:49+00:00","breadcrumb":{"@id":"https:\/\/www.casmmu.be\/nl\/gebruiksvoorwaarden\/#breadcrumb"},"inLanguage":"nl-NL","potentialAction":[{"@type":"ReadAction","target":["https:\/\/www.casmmu.be\/nl\/gebruiksvoorwaarden\/"]}]},{"@type":"BreadcrumbList","@id":"https:\/\/www.casmmu.be\/nl\/gebruiksvoorwaarden\/#breadcrumb","itemListElement":[{"@type":"ListItem","position":1,"name":"Accueil","item":"https:\/\/www.casmmu.be\/nl\/"},{"@type":"ListItem","position":2,"name":"Gebruiksvoorwaarden"}]},{"@type":"WebSite","@id":"https:\/\/www.casmmu.be\/#website","url":"https:\/\/www.casmmu.be\/","name":"Habitations Prot\u00e9g\u00e9es CASMMU","description":"","potentialAction":[{"@type":"SearchAction","target":{"@type":"EntryPoint","urlTemplate":"https:\/\/www.casmmu.be\/?s={search_term_string}"},"query-input":{"@type":"PropertyValueSpecification","valueRequired":true,"valueName":"search_term_string"}}],"inLanguage":"nl-NL"}]}},"_links":{"self":[{"href":"https:\/\/www.casmmu.be\/nl\/wp-json\/wp\/v2\/pages\/712","targetHints":{"allow":["GET"]}}],"collection":[{"href":"https:\/\/www.casmmu.be\/nl\/wp-json\/wp\/v2\/pages"}],"about":[{"href":"https:\/\/www.casmmu.be\/nl\/wp-json\/wp\/v2\/types\/page"}],"author":[{"embeddable":true,"href":"https:\/\/www.casmmu.be\/nl\/wp-json\/wp\/v2\/users\/2"}],"replies":[{"embeddable":true,"href":"https:\/\/www.casmmu.be\/nl\/wp-json\/wp\/v2\/comments?post=712"}],"version-history":[{"count":1,"href":"https:\/\/www.casmmu.be\/nl\/wp-json\/wp\/v2\/pages\/712\/revisions"}],"predecessor-version":[{"id":713,"href":"https:\/\/www.casmmu.be\/nl\/wp-json\/wp\/v2\/pages\/712\/revisions\/713"}],"wp:attachment":[{"href":"https:\/\/www.casmmu.be\/nl\/wp-json\/wp\/v2\/media?parent=712"}],"curies":[{"name":"wp","href":"https:\/\/api.w.org\/{rel}","templated":true}]}}