{"id":717,"date":"2024-01-02T07:29:53","date_gmt":"2024-01-02T06:29:53","guid":{"rendered":"http:\/\/www.casmmu.be\/?page_id=717"},"modified":"2024-01-02T11:33:41","modified_gmt":"2024-01-02T10:33:41","slug":"geschiedenis","status":"publish","type":"page","link":"https:\/\/www.casmmu.be\/nl\/zorggemeenschap\/geschiedenis\/","title":{"rendered":"Geschiedenis"},"content":{"rendered":"<p>In 1988 huldigde het <a href=\"http:\/\/www.chjt.be\">Centre Hospitalier Jean Titeca<\/a> (CHJT) een van de eerste beschutte woningen van Brussel in (IBW) door het cre\u00ebren van een dienst buiten het ziekenhuis die op de eerste plaats een twaalftal pati\u00ebnten opvangt, verspreid over twee locaties in Schaarbeek, \u00e9\u00e9n direct naast het CHJT, en het andere op initiatief van het Centre de Sant\u00e9 Mentale ANAIS naast het gemeentehuis.<\/p>\n<p>De vzw CASMMU Centre d\u2019Aide pour la Sant\u00e9 Mentale en Milieu Urbain (Hulpcentrum Geestelijke Gezondheid in de Stad) is het resultaat van een samenwerking van het CHJT en het CSM ANAIS. De samenwerking heeft zich geleidelijk ontwikkeld, te beginnen met 12 bedden en met op heden 118 plaatsen, waarvan 14 zijn voorbehouden voor adolescenten met psychische problemen en 24 voor pati\u00ebnten met het statuut van internering.<\/p>\n<p>In 2007 wordt een sectie voor adolescenten \u201cCASMMU ADOS\u201d opgezet in de buurt van het CHJT, en hierdoor aangemoedigd, om het aanbod van Karibu (dienst voor jeugddelinquenten met psychische aandoeningen) aan te vullen.<\/p>\n<p>De IBW CASMMU, het Centre Hospitalier Jean Titeca (CHJT), de PVT\u2019s (psychiatrische verzorgingstehuizen), vormen een geheel van zorg dat beantwoordt aan de verschillende behoeften van geestelijke gezondheid, overeenkomstig het klinisch verloop, alsook aan de vijf functies die zijn ontwikkeld in het kader van de nationale hervorming van de geestelijke gezondheidszorg.<\/p>\n<p style=\"text-align: justify;\">\u00a0<\/p>\n","protected":false},"excerpt":{"rendered":"<p>In 1988 huldigde het Centre Hospitalier Jean Titeca (CHJT) een van de eerste beschutte woningen van Brussel in (IBW) door het cre\u00ebren van een dienst buiten het ziekenhuis die op de eerste plaats een twaalftal pati\u00ebnten opvangt, verspreid over twee locaties in Schaarbeek, \u00e9\u00e9n direct naast het CHJT, en het andere op initiatief van het [&hellip;]<\/p>\n","protected":false},"author":2,"featured_media":569,"parent":714,"menu_order":0,"comment_status":"closed","ping_status":"closed","template":"","meta":{"_acf_changed":false,"footnotes":""},"class_list":["post-717","page","type-page","status-publish","has-post-thumbnail","hentry"],"acf":[],"yoast_head":"<!-- This site is optimized with the Yoast SEO plugin v27.5 - https:\/\/yoast.com\/product\/yoast-seo-wordpress\/ -->\n<title>Geschiedenis - Habitations Prot\u00e9g\u00e9es CASMMU<\/title>\n<meta name=\"robots\" content=\"index, follow, max-snippet:-1, max-image-preview:large, max-video-preview:-1\" \/>\n<link rel=\"canonical\" href=\"https:\/\/www.casmmu.be\/nl\/zorggemeenschap\/geschiedenis\/\" \/>\n<meta property=\"og:locale\" content=\"nl_NL\" \/>\n<meta property=\"og:type\" content=\"article\" \/>\n<meta property=\"og:title\" content=\"Geschiedenis - Habitations Prot\u00e9g\u00e9es CASMMU\" \/>\n<meta property=\"og:description\" content=\"In 1988 huldigde het Centre Hospitalier Jean Titeca (CHJT) een van de eerste beschutte woningen van Brussel in (IBW) door het cre\u00ebren van een dienst buiten het ziekenhuis die op de eerste plaats een twaalftal pati\u00ebnten opvangt, verspreid over twee locaties in Schaarbeek, \u00e9\u00e9n direct naast het CHJT, en het andere op initiatief van het [&hellip;]\" \/>\n<meta property=\"og:url\" content=\"https:\/\/www.casmmu.be\/nl\/zorggemeenschap\/geschiedenis\/\" \/>\n<meta property=\"og:site_name\" content=\"Habitations Prot\u00e9g\u00e9es CASMMU\" \/>\n<meta property=\"article:modified_time\" content=\"2024-01-02T10:33:41+00:00\" \/>\n<meta property=\"og:image\" content=\"https:\/\/www.casmmu.be\/wp-content\/uploads\/2017\/02\/DSC00580.jpg\" \/>\n\t<meta property=\"og:image:width\" content=\"1920\" \/>\n\t<meta property=\"og:image:height\" content=\"1080\" \/>\n\t<meta property=\"og:image:type\" content=\"image\/jpeg\" \/>\n<meta name=\"twitter:card\" content=\"summary_large_image\" \/>\n<meta name=\"twitter:label1\" content=\"Geschatte leestijd\" \/>\n\t<meta name=\"twitter:data1\" content=\"2 minuten\" \/>\n<script type=\"application\/ld+json\" class=\"yoast-schema-graph\">{\"@context\":\"https:\\\/\\\/schema.org\",\"@graph\":[{\"@type\":\"WebPage\",\"@id\":\"https:\\\/\\\/www.casmmu.be\\\/nl\\\/zorggemeenschap\\\/geschiedenis\\\/\",\"url\":\"https:\\\/\\\/www.casmmu.be\\\/nl\\\/zorggemeenschap\\\/geschiedenis\\\/\",\"name\":\"Geschiedenis - Habitations Prot\u00e9g\u00e9es CASMMU\",\"isPartOf\":{\"@id\":\"https:\\\/\\\/www.casmmu.be\\\/#website\"},\"primaryImageOfPage\":{\"@id\":\"https:\\\/\\\/www.casmmu.be\\\/nl\\\/zorggemeenschap\\\/geschiedenis\\\/#primaryimage\"},\"image\":{\"@id\":\"https:\\\/\\\/www.casmmu.be\\\/nl\\\/zorggemeenschap\\\/geschiedenis\\\/#primaryimage\"},\"thumbnailUrl\":\"https:\\\/\\\/www.casmmu.be\\\/wp-content\\\/uploads\\\/2017\\\/02\\\/DSC00580.jpg\",\"datePublished\":\"2024-01-02T06:29:53+00:00\",\"dateModified\":\"2024-01-02T10:33:41+00:00\",\"breadcrumb\":{\"@id\":\"https:\\\/\\\/www.casmmu.be\\\/nl\\\/zorggemeenschap\\\/geschiedenis\\\/#breadcrumb\"},\"inLanguage\":\"nl-NL\",\"potentialAction\":[{\"@type\":\"ReadAction\",\"target\":[\"https:\\\/\\\/www.casmmu.be\\\/nl\\\/zorggemeenschap\\\/geschiedenis\\\/\"]}]},{\"@type\":\"ImageObject\",\"inLanguage\":\"nl-NL\",\"@id\":\"https:\\\/\\\/www.casmmu.be\\\/nl\\\/zorggemeenschap\\\/geschiedenis\\\/#primaryimage\",\"url\":\"https:\\\/\\\/www.casmmu.be\\\/wp-content\\\/uploads\\\/2017\\\/02\\\/DSC00580.jpg\",\"contentUrl\":\"https:\\\/\\\/www.casmmu.be\\\/wp-content\\\/uploads\\\/2017\\\/02\\\/DSC00580.jpg\",\"width\":1920,\"height\":1080},{\"@type\":\"BreadcrumbList\",\"@id\":\"https:\\\/\\\/www.casmmu.be\\\/nl\\\/zorggemeenschap\\\/geschiedenis\\\/#breadcrumb\",\"itemListElement\":[{\"@type\":\"ListItem\",\"position\":1,\"name\":\"Accueil\",\"item\":\"https:\\\/\\\/www.casmmu.be\\\/nl\\\/\"},{\"@type\":\"ListItem\",\"position\":2,\"name\":\"Zorggemeenschap\",\"item\":\"https:\\\/\\\/www.casmmu.be\\\/nl\\\/zorggemeenschap\\\/\"},{\"@type\":\"ListItem\",\"position\":3,\"name\":\"Geschiedenis\"}]},{\"@type\":\"WebSite\",\"@id\":\"https:\\\/\\\/www.casmmu.be\\\/#website\",\"url\":\"https:\\\/\\\/www.casmmu.be\\\/\",\"name\":\"Habitations Prot\u00e9g\u00e9es CASMMU\",\"description\":\"\",\"potentialAction\":[{\"@type\":\"SearchAction\",\"target\":{\"@type\":\"EntryPoint\",\"urlTemplate\":\"https:\\\/\\\/www.casmmu.be\\\/?s={search_term_string}\"},\"query-input\":{\"@type\":\"PropertyValueSpecification\",\"valueRequired\":true,\"valueName\":\"search_term_string\"}}],\"inLanguage\":\"nl-NL\"}]}<\/script>\n<!-- \/ Yoast SEO plugin. -->","yoast_head_json":{"title":"Geschiedenis - Habitations Prot\u00e9g\u00e9es CASMMU","robots":{"index":"index","follow":"follow","max-snippet":"max-snippet:-1","max-image-preview":"max-image-preview:large","max-video-preview":"max-video-preview:-1"},"canonical":"https:\/\/www.casmmu.be\/nl\/zorggemeenschap\/geschiedenis\/","og_locale":"nl_NL","og_type":"article","og_title":"Geschiedenis - Habitations Prot\u00e9g\u00e9es CASMMU","og_description":"In 1988 huldigde het Centre Hospitalier Jean Titeca (CHJT) een van de eerste beschutte woningen van Brussel in (IBW) door het cre\u00ebren van een dienst buiten het ziekenhuis die op de eerste plaats een twaalftal pati\u00ebnten opvangt, verspreid over twee locaties in Schaarbeek, \u00e9\u00e9n direct naast het CHJT, en het andere op initiatief van het [&hellip;]","og_url":"https:\/\/www.casmmu.be\/nl\/zorggemeenschap\/geschiedenis\/","og_site_name":"Habitations Prot\u00e9g\u00e9es CASMMU","article_modified_time":"2024-01-02T10:33:41+00:00","og_image":[{"width":1920,"height":1080,"url":"https:\/\/www.casmmu.be\/wp-content\/uploads\/2017\/02\/DSC00580.jpg","type":"image\/jpeg"}],"twitter_card":"summary_large_image","twitter_misc":{"Geschatte leestijd":"2 minuten"},"schema":{"@context":"https:\/\/schema.org","@graph":[{"@type":"WebPage","@id":"https:\/\/www.casmmu.be\/nl\/zorggemeenschap\/geschiedenis\/","url":"https:\/\/www.casmmu.be\/nl\/zorggemeenschap\/geschiedenis\/","name":"Geschiedenis - Habitations Prot\u00e9g\u00e9es CASMMU","isPartOf":{"@id":"https:\/\/www.casmmu.be\/#website"},"primaryImageOfPage":{"@id":"https:\/\/www.casmmu.be\/nl\/zorggemeenschap\/geschiedenis\/#primaryimage"},"image":{"@id":"https:\/\/www.casmmu.be\/nl\/zorggemeenschap\/geschiedenis\/#primaryimage"},"thumbnailUrl":"https:\/\/www.casmmu.be\/wp-content\/uploads\/2017\/02\/DSC00580.jpg","datePublished":"2024-01-02T06:29:53+00:00","dateModified":"2024-01-02T10:33:41+00:00","breadcrumb":{"@id":"https:\/\/www.casmmu.be\/nl\/zorggemeenschap\/geschiedenis\/#breadcrumb"},"inLanguage":"nl-NL","potentialAction":[{"@type":"ReadAction","target":["https:\/\/www.casmmu.be\/nl\/zorggemeenschap\/geschiedenis\/"]}]},{"@type":"ImageObject","inLanguage":"nl-NL","@id":"https:\/\/www.casmmu.be\/nl\/zorggemeenschap\/geschiedenis\/#primaryimage","url":"https:\/\/www.casmmu.be\/wp-content\/uploads\/2017\/02\/DSC00580.jpg","contentUrl":"https:\/\/www.casmmu.be\/wp-content\/uploads\/2017\/02\/DSC00580.jpg","width":1920,"height":1080},{"@type":"BreadcrumbList","@id":"https:\/\/www.casmmu.be\/nl\/zorggemeenschap\/geschiedenis\/#breadcrumb","itemListElement":[{"@type":"ListItem","position":1,"name":"Accueil","item":"https:\/\/www.casmmu.be\/nl\/"},{"@type":"ListItem","position":2,"name":"Zorggemeenschap","item":"https:\/\/www.casmmu.be\/nl\/zorggemeenschap\/"},{"@type":"ListItem","position":3,"name":"Geschiedenis"}]},{"@type":"WebSite","@id":"https:\/\/www.casmmu.be\/#website","url":"https:\/\/www.casmmu.be\/","name":"Habitations Prot\u00e9g\u00e9es CASMMU","description":"","potentialAction":[{"@type":"SearchAction","target":{"@type":"EntryPoint","urlTemplate":"https:\/\/www.casmmu.be\/?s={search_term_string}"},"query-input":{"@type":"PropertyValueSpecification","valueRequired":true,"valueName":"search_term_string"}}],"inLanguage":"nl-NL"}]}},"_links":{"self":[{"href":"https:\/\/www.casmmu.be\/nl\/wp-json\/wp\/v2\/pages\/717","targetHints":{"allow":["GET"]}}],"collection":[{"href":"https:\/\/www.casmmu.be\/nl\/wp-json\/wp\/v2\/pages"}],"about":[{"href":"https:\/\/www.casmmu.be\/nl\/wp-json\/wp\/v2\/types\/page"}],"author":[{"embeddable":true,"href":"https:\/\/www.casmmu.be\/nl\/wp-json\/wp\/v2\/users\/2"}],"replies":[{"embeddable":true,"href":"https:\/\/www.casmmu.be\/nl\/wp-json\/wp\/v2\/comments?post=717"}],"version-history":[{"count":6,"href":"https:\/\/www.casmmu.be\/nl\/wp-json\/wp\/v2\/pages\/717\/revisions"}],"predecessor-version":[{"id":1314,"href":"https:\/\/www.casmmu.be\/nl\/wp-json\/wp\/v2\/pages\/717\/revisions\/1314"}],"up":[{"embeddable":true,"href":"https:\/\/www.casmmu.be\/nl\/wp-json\/wp\/v2\/pages\/714"}],"wp:featuredmedia":[{"embeddable":true,"href":"https:\/\/www.casmmu.be\/nl\/wp-json\/wp\/v2\/media\/569"}],"wp:attachment":[{"href":"https:\/\/www.casmmu.be\/nl\/wp-json\/wp\/v2\/media?parent=717"}],"curies":[{"name":"wp","href":"https:\/\/api.w.org\/{rel}","templated":true}]}}