{"id":733,"date":"2017-11-13T14:26:08","date_gmt":"2017-11-13T13:26:08","guid":{"rendered":"http:\/\/www.casmmu.be\/?page_id=733"},"modified":"2021-02-15T11:27:24","modified_gmt":"2021-02-15T10:27:24","slug":"opname","status":"publish","type":"page","link":"https:\/\/www.casmmu.be\/nl\/patienten-en-familie\/huisvesting\/opname\/","title":{"rendered":"Opname"},"content":{"rendered":"<p style=\"text-align: justify;\">Personen die in een beschutte woning wensen te verblijven, worden meestal doorverwezen door hun arts of door een psychosociale hulpverlener.<\/p>\n<p style=\"text-align: justify;\"><span style=\"color: #ffcc00;\"><strong>Opgelet: om in aanmerking te komen voor beschut wonen is het absoluut noodzakelijk dat deze persoon in orde is met het ziekenfonds.<\/strong><\/span><\/p>\n<p style=\"text-align: justify;\">Om toegang te krijgen tot beschut wonen moet de kandidaat een proces doorlopen dat twee tot vier gesprekken omvat. Als hij dit wenst kan de pati\u00ebnt zich daarbij laten begeleiden door iemand van het team, een familielid of een goede bekende.<\/p>\n<p style=\"text-align: justify;\">Vanaf het begin van de kandidaatstelling wordt de financi\u00eble en administratieve haalbaarheid van het project van de kandidaat onderzocht (ziekenfonds in orde, voldoende inkomsten).<\/p>\n<p style=\"text-align: justify;\">Aan de arts-psychiater die de bewoner opvolgt, wordt een medisch verslag gevraagd. Als het om een ge\u00efnterneerde pati\u00ebnt gaat, moeten ook het psychiatrisch expertiseverslag en de uiteenzetting van de feiten v\u00f3\u00f3r de kandidaatstelling of in de loop van het proces in het bezit zijn van het team van het Initiatief Beschut Wonen. De kandidaat moet vooraf zijn toestemming geven voor het verkrijgen van deze documenten bij de artsen, zorgstructuren en secretariaten van de Kamers voor de Bescherming van de Maatschappij.<\/p>\n<p style=\"text-align: justify;\">In sommige situaties krijgt de toekomstige bewoner meteen te horen dat zijn kandidatuur wordt geweigerd. Men verwijst hem dan eventueel door naar andere therapeutische structuren.<\/p>\n<p style=\"text-align: justify;\">Als de kandidaat zijn belangstelling voor beschut wonen bevestigt en het team meent dat het op zijn vraag kan ingaan, dan gaat de kandidatuurprocedure verder en worden volgende ontmoetingen gepland.<\/p>\n<p style=\"text-align: justify;\">Na deze opeenvolgende gesprekken en op basis van de medische, psychologische en sociale elementen aanvaarden of verwerpen het team en de arts de kandidatuur.<\/p>\n<p style=\"text-align: justify;\">Het betreft een beslissing van het hele team, gebaseerd op consensus en op de mogelijkheid om een ge\u00efndividualiseerd project voor psychosociale readaptatie. Bij elke kandidatuur wordt gekeken naar de zinvolheid van een behandeling, de nagestreefde doelstellingen en de middelen die kunnen worden aangewend.<\/p>\n<p style=\"text-align: justify;\">Zodra er een plaats voor beschut wonen vrijkomt, neemt het team contact op met de kandidaat-bewoner en met de arts en\/of het team van de huidige verblijfplaats van de kandidaat-bewoner. Het kan immers eventueel nodig zijn om aan de bevoegde Kamer voor de Bescherming van de Maatschappij de toestemming te vragen voor de overgang naar beschut wonen. Vaak dient er ook contact te worden opgenomen met de voorlopige bewindvoerder.<\/p>\n<p style=\"text-align: justify;\"><span style=\"color: #ffcc00;\"><strong>Waar kan kandidatuur worden ingediend voor beschut wonen?<\/strong><\/span><\/p>\n<p style=\"text-align: justify;\"><strong>Per e-mail<\/strong>: <span style=\"color: #941914;\"><a href=\"mailto:info@casmmu.be\">info@casmmu.be<\/a><\/span><\/p>\n<p style=\"text-align: justify;\">Afhankelijk van de aanvraag, moet de kandidatuur naar \u00e9\u00e9n van de twee sites voor volwassenen of naar de site voor adolescenten te worden gestuurd . Bij volwassenen wordt de kandidatuur naar \u00e9\u00e9n van de twee sites voor volwassenen gestuurd, afhankelijk van de beschikbaarheid en de specifiek geformuleerde wensen.<\/p>\n<p style=\"text-align: justify;\"><strong>Telefonisch: <\/strong><\/p>\n<p style=\"text-align: justify;\">Voor adolescenten: <span style=\"color: #ffcc00;\"><strong>02\/732.12.05<\/strong><\/span><\/p>\n<p style=\"text-align: justify;\">Voor volwassenen: <span style=\"color: #ffcc00;\"><strong>02\/216.35.48<\/strong><\/span> (site Foch) of <span style=\"color: #ffcc00;\"><strong>02\u00a0\/742.03.50 <\/strong><\/span>(site Lambiotte)<\/p>\n","protected":false},"excerpt":{"rendered":"<p>Personen die in een beschutte woning wensen te verblijven, worden meestal doorverwezen door hun arts of door een psychosociale hulpverlener. Opgelet: om in aanmerking te komen voor beschut wonen is het absoluut noodzakelijk dat deze persoon in orde is met het ziekenfonds. Om toegang te krijgen tot beschut wonen moet de kandidaat een proces doorlopen [&hellip;]<\/p>\n","protected":false},"author":2,"featured_media":480,"parent":731,"menu_order":0,"comment_status":"closed","ping_status":"closed","template":"","meta":{"_acf_changed":false,"footnotes":""},"class_list":["post-733","page","type-page","status-publish","has-post-thumbnail","hentry"],"acf":[],"yoast_head":"<!-- This site is optimized with the Yoast SEO plugin v27.5 - https:\/\/yoast.com\/product\/yoast-seo-wordpress\/ -->\n<title>Opname - Habitations Prot\u00e9g\u00e9es CASMMU<\/title>\n<meta name=\"robots\" content=\"index, follow, max-snippet:-1, max-image-preview:large, max-video-preview:-1\" \/>\n<link rel=\"canonical\" href=\"http:\/\/www.casmmu.be\/nl\/patienten-en-familie\/huisvesting\/opname\/\" \/>\n<meta property=\"og:locale\" content=\"nl_NL\" \/>\n<meta property=\"og:type\" content=\"article\" \/>\n<meta property=\"og:title\" content=\"Opname - Habitations Prot\u00e9g\u00e9es CASMMU\" \/>\n<meta property=\"og:description\" content=\"Personen die in een beschutte woning wensen te verblijven, worden meestal doorverwezen door hun arts of door een psychosociale hulpverlener. Opgelet: om in aanmerking te komen voor beschut wonen is het absoluut noodzakelijk dat deze persoon in orde is met het ziekenfonds. Om toegang te krijgen tot beschut wonen moet de kandidaat een proces doorlopen [&hellip;]\" \/>\n<meta property=\"og:url\" content=\"http:\/\/www.casmmu.be\/nl\/patienten-en-familie\/huisvesting\/opname\/\" \/>\n<meta property=\"og:site_name\" content=\"Habitations Prot\u00e9g\u00e9es CASMMU\" \/>\n<meta property=\"article:modified_time\" content=\"2021-02-15T10:27:24+00:00\" \/>\n<meta property=\"og:image\" content=\"http:\/\/www.casmmu.be\/wp-content\/uploads\/2017\/02\/DSCF0019-e1487257529421.jpg\" \/>\n\t<meta property=\"og:image:width\" content=\"2243\" \/>\n\t<meta property=\"og:image:height\" content=\"2717\" \/>\n\t<meta property=\"og:image:type\" content=\"image\/jpeg\" \/>\n<meta name=\"twitter:card\" content=\"summary_large_image\" \/>\n<meta name=\"twitter:label1\" content=\"Geschatte leestijd\" \/>\n\t<meta name=\"twitter:data1\" content=\"2 minuten\" \/>\n<script type=\"application\/ld+json\" class=\"yoast-schema-graph\">{\"@context\":\"https:\\\/\\\/schema.org\",\"@graph\":[{\"@type\":\"WebPage\",\"@id\":\"http:\\\/\\\/www.casmmu.be\\\/nl\\\/patienten-en-familie\\\/huisvesting\\\/opname\\\/\",\"url\":\"http:\\\/\\\/www.casmmu.be\\\/nl\\\/patienten-en-familie\\\/huisvesting\\\/opname\\\/\",\"name\":\"Opname - Habitations Prot\u00e9g\u00e9es CASMMU\",\"isPartOf\":{\"@id\":\"https:\\\/\\\/www.casmmu.be\\\/#website\"},\"primaryImageOfPage\":{\"@id\":\"http:\\\/\\\/www.casmmu.be\\\/nl\\\/patienten-en-familie\\\/huisvesting\\\/opname\\\/#primaryimage\"},\"image\":{\"@id\":\"http:\\\/\\\/www.casmmu.be\\\/nl\\\/patienten-en-familie\\\/huisvesting\\\/opname\\\/#primaryimage\"},\"thumbnailUrl\":\"https:\\\/\\\/www.casmmu.be\\\/wp-content\\\/uploads\\\/2017\\\/02\\\/DSCF0019-e1487257529421.jpg\",\"datePublished\":\"2017-11-13T13:26:08+00:00\",\"dateModified\":\"2021-02-15T10:27:24+00:00\",\"breadcrumb\":{\"@id\":\"http:\\\/\\\/www.casmmu.be\\\/nl\\\/patienten-en-familie\\\/huisvesting\\\/opname\\\/#breadcrumb\"},\"inLanguage\":\"nl-NL\",\"potentialAction\":[{\"@type\":\"ReadAction\",\"target\":[\"http:\\\/\\\/www.casmmu.be\\\/nl\\\/patienten-en-familie\\\/huisvesting\\\/opname\\\/\"]}]},{\"@type\":\"ImageObject\",\"inLanguage\":\"nl-NL\",\"@id\":\"http:\\\/\\\/www.casmmu.be\\\/nl\\\/patienten-en-familie\\\/huisvesting\\\/opname\\\/#primaryimage\",\"url\":\"https:\\\/\\\/www.casmmu.be\\\/wp-content\\\/uploads\\\/2017\\\/02\\\/DSCF0019-e1487257529421.jpg\",\"contentUrl\":\"https:\\\/\\\/www.casmmu.be\\\/wp-content\\\/uploads\\\/2017\\\/02\\\/DSCF0019-e1487257529421.jpg\",\"width\":2243,\"height\":2717},{\"@type\":\"BreadcrumbList\",\"@id\":\"http:\\\/\\\/www.casmmu.be\\\/nl\\\/patienten-en-familie\\\/huisvesting\\\/opname\\\/#breadcrumb\",\"itemListElement\":[{\"@type\":\"ListItem\",\"position\":1,\"name\":\"Accueil\",\"item\":\"https:\\\/\\\/www.casmmu.be\\\/nl\\\/\"},{\"@type\":\"ListItem\",\"position\":2,\"name\":\"Pati\u00ebnten en familie\",\"item\":\"https:\\\/\\\/www.casmmu.be\\\/nl\\\/patienten-en-familie\\\/\"},{\"@type\":\"ListItem\",\"position\":3,\"name\":\"Huisvesting\",\"item\":\"https:\\\/\\\/www.casmmu.be\\\/nl\\\/patienten-en-familie\\\/huisvesting\\\/\"},{\"@type\":\"ListItem\",\"position\":4,\"name\":\"Opname\"}]},{\"@type\":\"WebSite\",\"@id\":\"https:\\\/\\\/www.casmmu.be\\\/#website\",\"url\":\"https:\\\/\\\/www.casmmu.be\\\/\",\"name\":\"Habitations Prot\u00e9g\u00e9es CASMMU\",\"description\":\"\",\"potentialAction\":[{\"@type\":\"SearchAction\",\"target\":{\"@type\":\"EntryPoint\",\"urlTemplate\":\"https:\\\/\\\/www.casmmu.be\\\/?s={search_term_string}\"},\"query-input\":{\"@type\":\"PropertyValueSpecification\",\"valueRequired\":true,\"valueName\":\"search_term_string\"}}],\"inLanguage\":\"nl-NL\"}]}<\/script>\n<!-- \/ Yoast SEO plugin. -->","yoast_head_json":{"title":"Opname - Habitations Prot\u00e9g\u00e9es CASMMU","robots":{"index":"index","follow":"follow","max-snippet":"max-snippet:-1","max-image-preview":"max-image-preview:large","max-video-preview":"max-video-preview:-1"},"canonical":"http:\/\/www.casmmu.be\/nl\/patienten-en-familie\/huisvesting\/opname\/","og_locale":"nl_NL","og_type":"article","og_title":"Opname - Habitations Prot\u00e9g\u00e9es CASMMU","og_description":"Personen die in een beschutte woning wensen te verblijven, worden meestal doorverwezen door hun arts of door een psychosociale hulpverlener. Opgelet: om in aanmerking te komen voor beschut wonen is het absoluut noodzakelijk dat deze persoon in orde is met het ziekenfonds. Om toegang te krijgen tot beschut wonen moet de kandidaat een proces doorlopen [&hellip;]","og_url":"http:\/\/www.casmmu.be\/nl\/patienten-en-familie\/huisvesting\/opname\/","og_site_name":"Habitations Prot\u00e9g\u00e9es CASMMU","article_modified_time":"2021-02-15T10:27:24+00:00","og_image":[{"width":2243,"height":2717,"url":"http:\/\/www.casmmu.be\/wp-content\/uploads\/2017\/02\/DSCF0019-e1487257529421.jpg","type":"image\/jpeg"}],"twitter_card":"summary_large_image","twitter_misc":{"Geschatte leestijd":"2 minuten"},"schema":{"@context":"https:\/\/schema.org","@graph":[{"@type":"WebPage","@id":"http:\/\/www.casmmu.be\/nl\/patienten-en-familie\/huisvesting\/opname\/","url":"http:\/\/www.casmmu.be\/nl\/patienten-en-familie\/huisvesting\/opname\/","name":"Opname - Habitations Prot\u00e9g\u00e9es CASMMU","isPartOf":{"@id":"https:\/\/www.casmmu.be\/#website"},"primaryImageOfPage":{"@id":"http:\/\/www.casmmu.be\/nl\/patienten-en-familie\/huisvesting\/opname\/#primaryimage"},"image":{"@id":"http:\/\/www.casmmu.be\/nl\/patienten-en-familie\/huisvesting\/opname\/#primaryimage"},"thumbnailUrl":"https:\/\/www.casmmu.be\/wp-content\/uploads\/2017\/02\/DSCF0019-e1487257529421.jpg","datePublished":"2017-11-13T13:26:08+00:00","dateModified":"2021-02-15T10:27:24+00:00","breadcrumb":{"@id":"http:\/\/www.casmmu.be\/nl\/patienten-en-familie\/huisvesting\/opname\/#breadcrumb"},"inLanguage":"nl-NL","potentialAction":[{"@type":"ReadAction","target":["http:\/\/www.casmmu.be\/nl\/patienten-en-familie\/huisvesting\/opname\/"]}]},{"@type":"ImageObject","inLanguage":"nl-NL","@id":"http:\/\/www.casmmu.be\/nl\/patienten-en-familie\/huisvesting\/opname\/#primaryimage","url":"https:\/\/www.casmmu.be\/wp-content\/uploads\/2017\/02\/DSCF0019-e1487257529421.jpg","contentUrl":"https:\/\/www.casmmu.be\/wp-content\/uploads\/2017\/02\/DSCF0019-e1487257529421.jpg","width":2243,"height":2717},{"@type":"BreadcrumbList","@id":"http:\/\/www.casmmu.be\/nl\/patienten-en-familie\/huisvesting\/opname\/#breadcrumb","itemListElement":[{"@type":"ListItem","position":1,"name":"Accueil","item":"https:\/\/www.casmmu.be\/nl\/"},{"@type":"ListItem","position":2,"name":"Pati\u00ebnten en familie","item":"https:\/\/www.casmmu.be\/nl\/patienten-en-familie\/"},{"@type":"ListItem","position":3,"name":"Huisvesting","item":"https:\/\/www.casmmu.be\/nl\/patienten-en-familie\/huisvesting\/"},{"@type":"ListItem","position":4,"name":"Opname"}]},{"@type":"WebSite","@id":"https:\/\/www.casmmu.be\/#website","url":"https:\/\/www.casmmu.be\/","name":"Habitations Prot\u00e9g\u00e9es CASMMU","description":"","potentialAction":[{"@type":"SearchAction","target":{"@type":"EntryPoint","urlTemplate":"https:\/\/www.casmmu.be\/?s={search_term_string}"},"query-input":{"@type":"PropertyValueSpecification","valueRequired":true,"valueName":"search_term_string"}}],"inLanguage":"nl-NL"}]}},"_links":{"self":[{"href":"https:\/\/www.casmmu.be\/nl\/wp-json\/wp\/v2\/pages\/733","targetHints":{"allow":["GET"]}}],"collection":[{"href":"https:\/\/www.casmmu.be\/nl\/wp-json\/wp\/v2\/pages"}],"about":[{"href":"https:\/\/www.casmmu.be\/nl\/wp-json\/wp\/v2\/types\/page"}],"author":[{"embeddable":true,"href":"https:\/\/www.casmmu.be\/nl\/wp-json\/wp\/v2\/users\/2"}],"replies":[{"embeddable":true,"href":"https:\/\/www.casmmu.be\/nl\/wp-json\/wp\/v2\/comments?post=733"}],"version-history":[{"count":4,"href":"https:\/\/www.casmmu.be\/nl\/wp-json\/wp\/v2\/pages\/733\/revisions"}],"predecessor-version":[{"id":1010,"href":"https:\/\/www.casmmu.be\/nl\/wp-json\/wp\/v2\/pages\/733\/revisions\/1010"}],"up":[{"embeddable":true,"href":"https:\/\/www.casmmu.be\/nl\/wp-json\/wp\/v2\/pages\/731"}],"wp:featuredmedia":[{"embeddable":true,"href":"https:\/\/www.casmmu.be\/nl\/wp-json\/wp\/v2\/media\/480"}],"wp:attachment":[{"href":"https:\/\/www.casmmu.be\/nl\/wp-json\/wp\/v2\/media?parent=733"}],"curies":[{"name":"wp","href":"https:\/\/api.w.org\/{rel}","templated":true}]}}