{"id":735,"date":"2024-01-02T07:31:08","date_gmt":"2024-01-02T06:31:08","guid":{"rendered":"http:\/\/www.casmmu.be\/?page_id=735"},"modified":"2024-01-02T11:12:00","modified_gmt":"2024-01-02T10:12:00","slug":"patienten","status":"publish","type":"page","link":"https:\/\/www.casmmu.be\/nl\/patienten-en-familie\/huisvesting\/patienten\/","title":{"rendered":"Pati\u00ebnten"},"content":{"rendered":"<p style=\"text-align: justify;\">Pati\u00ebnten die bij CASMMU terechtkunnen zijn volwassenen en jongeren tussen 16 en 22 jaar, die in orde zijn met hun ziekenfonds en lijden aan een belangrijke geestesziekte en\/of persoonlijkheidsstoornis.<\/p>\n<p style=\"text-align: justify;\">Meestal gaat het om bewoners die psychotisch zijn of een belangrijke neurose vertonen. Soms hebben zij een secundaire stoornis, hetzij gekoppeld aan middelengebruik, hetzij door een somatische problematiek.<\/p>\n<p style=\"text-align: justify;\">De opgenomen pati\u00ebnten zijn personen voor wie de uitvoering van een hersocialisatieproject denkbaar is, ongeacht de termijn die nodig is om dit project te verwezenlijken.<\/p>\n<p style=\"text-align: justify;\">Deze personen moeten bijgevolg het potentieel hebben voor een psychosociale heraanpassing en hun symptomatologie moet voldoende gestabiliseerd zijn om in de maatschappij te kunnen leven.<\/p>\n<p style=\"text-align: justify;\">Gedragsstoornissen moeten onder controle zijn.<\/p>\n<p style=\"text-align: justify;\">Zij moeten zelfstandig genoeg kunnen leven voor dagelijkse activiteiten als hygi\u00ebne, voeding, medicatie, \u2026<\/p>\n<p style=\"text-align: justify;\"><span style=\"color: #ffcc00;\"><strong><em>Uitsluitingscriteria:<\/em><\/strong><\/span><\/p>\n<ul style=\"text-align: justify;\">\n<li>Pati\u00ebnten die constant medisch toezicht en continue medische verzorging nodig hebben wegens een orgaanpathologie.<\/li>\n<li>Pati\u00ebnten met ernstige gedragsstoornissen die niet verenigbaar zijn met samenleven met andere mensen of in de samenleving.<\/li>\n<\/ul>\n<p style=\"text-align: justify;\">Gebruikers die in CASMMU verblijven, kunnen een verschillend statuut hebben :<\/p>\n<ul>\n<li style=\"text-align: justify;\">De bewoner is aan geen enkele gerechtelijke maatregel onderworpen.<\/li>\n<li style=\"text-align: justify;\">De bewoner stelt zich kandidaat met het oog op invrijheidsstelling na zijn behandeling, krachtens de wet van 26 juni 1990 met betrekking tot de bescherming van de persoon van de geesteszieke.<\/li>\n<li style=\"text-align: justify;\">De bewoner heeft het interneringsstatuut en zijn opname is afhankelijk van een beslissing van de Kamer voor de Bescherming van de Maatschappij waaronder hij ressorteert, die eist dat hij verblijft in een initiatief voor beschut wonen.<\/li>\n<li style=\"text-align: justify;\">De bewoner is minderjarig en onderworpen aan de beslissingen van een Jeugdrechter (afdeling \u201cadolescenten\u201d van een initiatief voor beschut wonen).<\/li>\n<\/ul>\n","protected":false},"excerpt":{"rendered":"<p>Pati\u00ebnten die bij CASMMU terechtkunnen zijn volwassenen en jongeren tussen 16 en 22 jaar, die in orde zijn met hun ziekenfonds en lijden aan een belangrijke geestesziekte en\/of persoonlijkheidsstoornis. Meestal gaat het om bewoners die psychotisch zijn of een belangrijke neurose vertonen. Soms hebben zij een secundaire stoornis, hetzij gekoppeld aan middelengebruik, hetzij door een [&hellip;]<\/p>\n","protected":false},"author":2,"featured_media":478,"parent":731,"menu_order":0,"comment_status":"closed","ping_status":"closed","template":"","meta":{"_acf_changed":false,"footnotes":""},"class_list":["post-735","page","type-page","status-publish","has-post-thumbnail","hentry"],"acf":[],"yoast_head":"<!-- This site is optimized with the Yoast SEO plugin v27.5 - https:\/\/yoast.com\/product\/yoast-seo-wordpress\/ -->\n<title>Pati\u00ebnten - Habitations Prot\u00e9g\u00e9es CASMMU<\/title>\n<meta name=\"robots\" content=\"index, follow, max-snippet:-1, max-image-preview:large, max-video-preview:-1\" \/>\n<link rel=\"canonical\" href=\"https:\/\/www.casmmu.be\/nl\/patienten-en-familie\/huisvesting\/patienten\/\" \/>\n<meta property=\"og:locale\" content=\"nl_NL\" \/>\n<meta property=\"og:type\" content=\"article\" \/>\n<meta property=\"og:title\" content=\"Pati\u00ebnten - Habitations Prot\u00e9g\u00e9es CASMMU\" \/>\n<meta property=\"og:description\" content=\"Pati\u00ebnten die bij CASMMU terechtkunnen zijn volwassenen en jongeren tussen 16 en 22 jaar, die in orde zijn met hun ziekenfonds en lijden aan een belangrijke geestesziekte en\/of persoonlijkheidsstoornis. Meestal gaat het om bewoners die psychotisch zijn of een belangrijke neurose vertonen. Soms hebben zij een secundaire stoornis, hetzij gekoppeld aan middelengebruik, hetzij door een [&hellip;]\" \/>\n<meta property=\"og:url\" content=\"https:\/\/www.casmmu.be\/nl\/patienten-en-familie\/huisvesting\/patienten\/\" \/>\n<meta property=\"og:site_name\" content=\"Habitations Prot\u00e9g\u00e9es CASMMU\" \/>\n<meta property=\"article:modified_time\" content=\"2024-01-02T10:12:00+00:00\" \/>\n<meta property=\"og:image\" content=\"https:\/\/www.casmmu.be\/wp-content\/uploads\/2017\/02\/Casmmu-7.jpg\" \/>\n\t<meta property=\"og:image:width\" content=\"1200\" \/>\n\t<meta property=\"og:image:height\" content=\"1600\" \/>\n\t<meta property=\"og:image:type\" content=\"image\/jpeg\" \/>\n<meta name=\"twitter:card\" content=\"summary_large_image\" \/>\n<meta name=\"twitter:label1\" content=\"Geschatte leestijd\" \/>\n\t<meta name=\"twitter:data1\" content=\"2 minuten\" \/>\n<script type=\"application\/ld+json\" class=\"yoast-schema-graph\">{\"@context\":\"https:\\\/\\\/schema.org\",\"@graph\":[{\"@type\":\"WebPage\",\"@id\":\"https:\\\/\\\/www.casmmu.be\\\/nl\\\/patienten-en-familie\\\/huisvesting\\\/patienten\\\/\",\"url\":\"https:\\\/\\\/www.casmmu.be\\\/nl\\\/patienten-en-familie\\\/huisvesting\\\/patienten\\\/\",\"name\":\"Pati\u00ebnten - Habitations Prot\u00e9g\u00e9es CASMMU\",\"isPartOf\":{\"@id\":\"https:\\\/\\\/www.casmmu.be\\\/#website\"},\"primaryImageOfPage\":{\"@id\":\"https:\\\/\\\/www.casmmu.be\\\/nl\\\/patienten-en-familie\\\/huisvesting\\\/patienten\\\/#primaryimage\"},\"image\":{\"@id\":\"https:\\\/\\\/www.casmmu.be\\\/nl\\\/patienten-en-familie\\\/huisvesting\\\/patienten\\\/#primaryimage\"},\"thumbnailUrl\":\"https:\\\/\\\/www.casmmu.be\\\/wp-content\\\/uploads\\\/2017\\\/02\\\/Casmmu-7.jpg\",\"datePublished\":\"2024-01-02T06:31:08+00:00\",\"dateModified\":\"2024-01-02T10:12:00+00:00\",\"breadcrumb\":{\"@id\":\"https:\\\/\\\/www.casmmu.be\\\/nl\\\/patienten-en-familie\\\/huisvesting\\\/patienten\\\/#breadcrumb\"},\"inLanguage\":\"nl-NL\",\"potentialAction\":[{\"@type\":\"ReadAction\",\"target\":[\"https:\\\/\\\/www.casmmu.be\\\/nl\\\/patienten-en-familie\\\/huisvesting\\\/patienten\\\/\"]}]},{\"@type\":\"ImageObject\",\"inLanguage\":\"nl-NL\",\"@id\":\"https:\\\/\\\/www.casmmu.be\\\/nl\\\/patienten-en-familie\\\/huisvesting\\\/patienten\\\/#primaryimage\",\"url\":\"https:\\\/\\\/www.casmmu.be\\\/wp-content\\\/uploads\\\/2017\\\/02\\\/Casmmu-7.jpg\",\"contentUrl\":\"https:\\\/\\\/www.casmmu.be\\\/wp-content\\\/uploads\\\/2017\\\/02\\\/Casmmu-7.jpg\",\"width\":1200,\"height\":1600},{\"@type\":\"BreadcrumbList\",\"@id\":\"https:\\\/\\\/www.casmmu.be\\\/nl\\\/patienten-en-familie\\\/huisvesting\\\/patienten\\\/#breadcrumb\",\"itemListElement\":[{\"@type\":\"ListItem\",\"position\":1,\"name\":\"Accueil\",\"item\":\"https:\\\/\\\/www.casmmu.be\\\/nl\\\/\"},{\"@type\":\"ListItem\",\"position\":2,\"name\":\"Pati\u00ebnten en familie\",\"item\":\"https:\\\/\\\/www.casmmu.be\\\/nl\\\/patienten-en-familie\\\/\"},{\"@type\":\"ListItem\",\"position\":3,\"name\":\"Huisvesting\",\"item\":\"https:\\\/\\\/www.casmmu.be\\\/nl\\\/patienten-en-familie\\\/huisvesting\\\/\"},{\"@type\":\"ListItem\",\"position\":4,\"name\":\"Pati\u00ebnten\"}]},{\"@type\":\"WebSite\",\"@id\":\"https:\\\/\\\/www.casmmu.be\\\/#website\",\"url\":\"https:\\\/\\\/www.casmmu.be\\\/\",\"name\":\"Habitations Prot\u00e9g\u00e9es CASMMU\",\"description\":\"\",\"potentialAction\":[{\"@type\":\"SearchAction\",\"target\":{\"@type\":\"EntryPoint\",\"urlTemplate\":\"https:\\\/\\\/www.casmmu.be\\\/?s={search_term_string}\"},\"query-input\":{\"@type\":\"PropertyValueSpecification\",\"valueRequired\":true,\"valueName\":\"search_term_string\"}}],\"inLanguage\":\"nl-NL\"}]}<\/script>\n<!-- \/ Yoast SEO plugin. -->","yoast_head_json":{"title":"Pati\u00ebnten - Habitations Prot\u00e9g\u00e9es CASMMU","robots":{"index":"index","follow":"follow","max-snippet":"max-snippet:-1","max-image-preview":"max-image-preview:large","max-video-preview":"max-video-preview:-1"},"canonical":"https:\/\/www.casmmu.be\/nl\/patienten-en-familie\/huisvesting\/patienten\/","og_locale":"nl_NL","og_type":"article","og_title":"Pati\u00ebnten - Habitations Prot\u00e9g\u00e9es CASMMU","og_description":"Pati\u00ebnten die bij CASMMU terechtkunnen zijn volwassenen en jongeren tussen 16 en 22 jaar, die in orde zijn met hun ziekenfonds en lijden aan een belangrijke geestesziekte en\/of persoonlijkheidsstoornis. Meestal gaat het om bewoners die psychotisch zijn of een belangrijke neurose vertonen. Soms hebben zij een secundaire stoornis, hetzij gekoppeld aan middelengebruik, hetzij door een [&hellip;]","og_url":"https:\/\/www.casmmu.be\/nl\/patienten-en-familie\/huisvesting\/patienten\/","og_site_name":"Habitations Prot\u00e9g\u00e9es CASMMU","article_modified_time":"2024-01-02T10:12:00+00:00","og_image":[{"width":1200,"height":1600,"url":"https:\/\/www.casmmu.be\/wp-content\/uploads\/2017\/02\/Casmmu-7.jpg","type":"image\/jpeg"}],"twitter_card":"summary_large_image","twitter_misc":{"Geschatte leestijd":"2 minuten"},"schema":{"@context":"https:\/\/schema.org","@graph":[{"@type":"WebPage","@id":"https:\/\/www.casmmu.be\/nl\/patienten-en-familie\/huisvesting\/patienten\/","url":"https:\/\/www.casmmu.be\/nl\/patienten-en-familie\/huisvesting\/patienten\/","name":"Pati\u00ebnten - Habitations Prot\u00e9g\u00e9es CASMMU","isPartOf":{"@id":"https:\/\/www.casmmu.be\/#website"},"primaryImageOfPage":{"@id":"https:\/\/www.casmmu.be\/nl\/patienten-en-familie\/huisvesting\/patienten\/#primaryimage"},"image":{"@id":"https:\/\/www.casmmu.be\/nl\/patienten-en-familie\/huisvesting\/patienten\/#primaryimage"},"thumbnailUrl":"https:\/\/www.casmmu.be\/wp-content\/uploads\/2017\/02\/Casmmu-7.jpg","datePublished":"2024-01-02T06:31:08+00:00","dateModified":"2024-01-02T10:12:00+00:00","breadcrumb":{"@id":"https:\/\/www.casmmu.be\/nl\/patienten-en-familie\/huisvesting\/patienten\/#breadcrumb"},"inLanguage":"nl-NL","potentialAction":[{"@type":"ReadAction","target":["https:\/\/www.casmmu.be\/nl\/patienten-en-familie\/huisvesting\/patienten\/"]}]},{"@type":"ImageObject","inLanguage":"nl-NL","@id":"https:\/\/www.casmmu.be\/nl\/patienten-en-familie\/huisvesting\/patienten\/#primaryimage","url":"https:\/\/www.casmmu.be\/wp-content\/uploads\/2017\/02\/Casmmu-7.jpg","contentUrl":"https:\/\/www.casmmu.be\/wp-content\/uploads\/2017\/02\/Casmmu-7.jpg","width":1200,"height":1600},{"@type":"BreadcrumbList","@id":"https:\/\/www.casmmu.be\/nl\/patienten-en-familie\/huisvesting\/patienten\/#breadcrumb","itemListElement":[{"@type":"ListItem","position":1,"name":"Accueil","item":"https:\/\/www.casmmu.be\/nl\/"},{"@type":"ListItem","position":2,"name":"Pati\u00ebnten en familie","item":"https:\/\/www.casmmu.be\/nl\/patienten-en-familie\/"},{"@type":"ListItem","position":3,"name":"Huisvesting","item":"https:\/\/www.casmmu.be\/nl\/patienten-en-familie\/huisvesting\/"},{"@type":"ListItem","position":4,"name":"Pati\u00ebnten"}]},{"@type":"WebSite","@id":"https:\/\/www.casmmu.be\/#website","url":"https:\/\/www.casmmu.be\/","name":"Habitations Prot\u00e9g\u00e9es CASMMU","description":"","potentialAction":[{"@type":"SearchAction","target":{"@type":"EntryPoint","urlTemplate":"https:\/\/www.casmmu.be\/?s={search_term_string}"},"query-input":{"@type":"PropertyValueSpecification","valueRequired":true,"valueName":"search_term_string"}}],"inLanguage":"nl-NL"}]}},"_links":{"self":[{"href":"https:\/\/www.casmmu.be\/nl\/wp-json\/wp\/v2\/pages\/735","targetHints":{"allow":["GET"]}}],"collection":[{"href":"https:\/\/www.casmmu.be\/nl\/wp-json\/wp\/v2\/pages"}],"about":[{"href":"https:\/\/www.casmmu.be\/nl\/wp-json\/wp\/v2\/types\/page"}],"author":[{"embeddable":true,"href":"https:\/\/www.casmmu.be\/nl\/wp-json\/wp\/v2\/users\/2"}],"replies":[{"embeddable":true,"href":"https:\/\/www.casmmu.be\/nl\/wp-json\/wp\/v2\/comments?post=735"}],"version-history":[{"count":8,"href":"https:\/\/www.casmmu.be\/nl\/wp-json\/wp\/v2\/pages\/735\/revisions"}],"predecessor-version":[{"id":1306,"href":"https:\/\/www.casmmu.be\/nl\/wp-json\/wp\/v2\/pages\/735\/revisions\/1306"}],"up":[{"embeddable":true,"href":"https:\/\/www.casmmu.be\/nl\/wp-json\/wp\/v2\/pages\/731"}],"wp:featuredmedia":[{"embeddable":true,"href":"https:\/\/www.casmmu.be\/nl\/wp-json\/wp\/v2\/media\/478"}],"wp:attachment":[{"href":"https:\/\/www.casmmu.be\/nl\/wp-json\/wp\/v2\/media?parent=735"}],"curies":[{"name":"wp","href":"https:\/\/api.w.org\/{rel}","templated":true}]}}