{"id":741,"date":"2017-11-13T14:45:59","date_gmt":"2017-11-13T13:45:59","guid":{"rendered":"http:\/\/www.casmmu.be\/?page_id=741"},"modified":"2017-11-13T14:45:59","modified_gmt":"2017-11-13T13:45:59","slug":"privacybeleid","status":"publish","type":"page","link":"https:\/\/www.casmmu.be\/nl\/privacybeleid\/","title":{"rendered":"Privacybeleid"},"content":{"rendered":"<p style=\"text-align: justify;\">Le pr\u00e9sent document \u00e9tablit la politique de confidentialit\u00e9 \u00e0 laquelle le Casmmu entend se conformer \u00e0 l\u2019\u00e9gard de la collecte, l\u2019utilisation, le transfert et la conservation de vos donn\u00e9es \u00e0 caract\u00e8re personnel. Cet engagement s\u2019inscrit en application de la l\u00e9gislation belge applicable, notamment\u00a0 la loi du 8 d\u00e9cembre 1992 relative \u00e0 la protection de la vie priv\u00e9e \u00e0 l\u2019\u00e9gard des traitements de donn\u00e9es \u00e0 caract\u00e8re personnel modifi\u00e9e par la loi du 11 d\u00e9cembre 1998 transposant la directive 95\/46\/CE du 24 octobre 1995 du Parlement europ\u00e9en et du Conseil relative \u00e0 la protection des personnes physiques \u00e0 l&#8217;\u00e9gard du traitement de donn\u00e9es \u00e0 caract\u00e8re personnel et \u00e0 la libre circulation de ces donn\u00e9es, ainsi qu&#8217;aux arr\u00eat\u00e9s royaux qui s&#8217;y rapportent.<\/p>\n<p style=\"text-align: justify;\"><span style=\"text-decoration: underline; color: #941914;\"><strong>D\u00e9finitions<\/strong><\/span><\/p>\n<p style=\"text-align: justify;\"><span style=\"color: #ffc630;\"><strong>Donn\u00e9es personnelles<\/strong><\/span><\/p>\n<p style=\"text-align: justify;\">Le terme \u00abdonn\u00e9e \u00e0 caract\u00e8re personnel\u00bb recouvre toutes les informations concernant une personne physique identifi\u00e9e ou identifiable. Une personne est identifiable lorsqu\u2019elle peut \u00eatre identifi\u00e9e, directement ou indirectement, notamment par r\u00e9f\u00e9rence \u00e0 un num\u00e9ro d\u2019identification ou \u00e0 un ou plusieurs \u00e9l\u00e9ments sp\u00e9cifiques, propres \u00e0 son identit\u00e9 physique, physiologique, psychique, \u00e9conomique, culturelle ou sociale. Par exemple : le nom et pr\u00e9nom d\u2019une personne, son adresse, son num\u00e9ro de t\u00e9l\u00e9phone, son adresse e-mail, ses pr\u00e9f\u00e9rences, son origine raciale, son sexe \u2026 L\u2019adresse et le num\u00e9ro de t\u00e9l\u00e9phone professionnel d\u2019une personne sont \u00e9galement des donn\u00e9es \u00e0 caract\u00e8re personnel. Enfin, une adresse TCP\/IP peut aussi, dans certains cas, \u00eatre consid\u00e9r\u00e9e comme une donn\u00e9e \u00e0 caract\u00e8re personnel.<\/p>\n<p style=\"text-align: justify;\"><span style=\"color: #ffc630;\"><strong>Traitement de donn\u00e9es<\/strong><\/span><\/p>\n<p style=\"text-align: justify;\">Par \u00abtraitement\u00bb, on entend toute op\u00e9ration ou ensemble d&#8217;op\u00e9rations effectu\u00e9es ou non \u00e0 l&#8217;aide de proc\u00e9d\u00e9s automatis\u00e9s et appliqu\u00e9es \u00e0 des donn\u00e9es \u00e0 caract\u00e8re personnel, telles que la collecte, l&#8217;enregistrement, l&#8217;organisation, la conservation, l&#8217;adaptation ou la modification, l&#8217;extraction, la consultation, l&#8217;utilisation, la communication par transmission, diffusion ou toute autre forme de mise \u00e0 disposition, le rapprochement ou l&#8217;interconnexion, ainsi que le verrouillage, l&#8217;effacement ou la destruction de donn\u00e9es \u00e0 caract\u00e8re personnel.<\/p>\n<p style=\"text-align: justify;\">Informations et donn\u00e9es collect\u00e9es et m\u00e9thodes de collecte<\/p>\n<p style=\"text-align: justify;\">Les informations et donn\u00e9es \u00e0 caract\u00e8re personnel qui peuvent \u00eatre collect\u00e9es lorsque vous parcourez le site internet du Casmmu sont les suivantes :<\/p>\n<ul>\n<li style=\"text-align: justify;\">le domaine internet \u00e0 partir duquel vous acc\u00e9dez \u00e0 notre site ;<\/li>\n<li style=\"text-align: justify;\">l&#8217;adresse IP de l&#8217;ordinateur \u00e0 partir duquel vous acc\u00e9dez \u00e0 notre site ;<\/li>\n<li style=\"text-align: justify;\">l&#8217;ensemble de l&#8217;information concernant les pages que vous avez consult\u00e9es sur notre portail et les derni\u00e8res actions que vous avez effectu\u00e9es au travers de ces pages ;<\/li>\n<li style=\"text-align: justify;\">votre adresse de courrier \u00e9lectronique si vous nous l&#8217;avez r\u00e9v\u00e9l\u00e9e, par exemple en envoyant des messages ou questions sur ce site, en communiquant avec nous par courrier \u00e9lectronique ;<\/li>\n<li style=\"text-align: justify;\">toute autre information que vous nous avez volontairement donn\u00e9e, par exemple dans le cadre de candidatures pour un emploi vacant.<\/li>\n<\/ul>\n<p style=\"text-align: justify;\">Ces informations et donn\u00e9es \u00e0 caract\u00e8re personnel peuvent \u00eatre collect\u00e9es ou trait\u00e9es de deux mani\u00e8res diff\u00e9rentes :<\/p>\n<ul>\n<li style=\"text-align: justify;\">par le biais de formulaires \u00e0 remplir pour obtenir certains services disponibles sur notre site ;<\/li>\n<li style=\"text-align: justify;\">par le biais de &#8220;cookies&#8221;.<\/li>\n<\/ul>\n<p style=\"text-align: justify;\"><span style=\"text-decoration: underline; color: #941914;\"><strong>Confidentialit\u00e9 et utilisation des cookies<\/strong><\/span><\/p>\n<p style=\"text-align: justify;\">Conform\u00e9ment \u00e0 l&#8217;article 129, 1\u00b0 de la loi relative aux communications \u00e9lectroniques (LCE) du 13 juin 2005, le Casmmu vous informe de l&#8217;utilisation de cookies par les serveurs de ses sites Internet.<\/p>\n<p style=\"text-align: justify;\">Un cookie est un petit fichier qui s&#8217;enregistre sur votre ordinateur lorsque vous consultez notre site. Ces cookies sont pr\u00e9sents pour des raisons techniques et avec pour seul objectif d\u2019am\u00e9liorer et d\u2019adapter le contenu du site Internet.<\/p>\n<p style=\"text-align: justify;\">Les cookies sont \u00e9galement utilis\u00e9s pour une analyse statistique de votre parcours de navigation. Les donn\u00e9es de navigation sont alors anonymis\u00e9es. Les visites et pages consult\u00e9es seront trac\u00e9es par Google Analytics.<\/p>\n<p style=\"text-align: justify;\">Notre site peut contenir des applications informatiques \u00e9manant de tiers. Ce peut \u00eatre notamment le cas avec des boutons\/liens avec des r\u00e9seaux sociaux (c\u2019est notamment le cas des boutons &#8220;Partager&#8221;, &#8220;J&#8217;aime&#8221;, issus de r\u00e9seaux sociaux tels que Facebook, Twitter\u2026). Nous vous invitons d\u00e8s lors \u00e0 consulter leur politique de gestion de cookies et notamment de protection de la vie priv\u00e9e.<\/p>\n<p style=\"text-align: justify;\">Vous pouvez \u00e0 tout moment refuser l\u2019utilisation des cookies en param\u00e9trant votre navigateur Internet. Toutefois, certaines fonctionnalit\u00e9s du site internet du Casmmu pourraient ne plus \u00eatre accessibles si les cookies sont d\u00e9sactiv\u00e9s.<\/p>\n<p style=\"text-align: justify;\">Vous pouvez les d\u00e9sactiver de la fa\u00e7on suivante :<\/p>\n<ul style=\"text-align: justify;\">\n<li><strong><em>Internet Explorer<\/em><\/strong><\/li>\n<li><em>1. Choisissez le menu \u00ab Outils \u00bb, puis \u00ab Options Internet \u00bb<\/em><\/li>\n<li><em>2. Cliquez sur l\u2019onglet \u00ab Confidentialit\u00e9 \u00bb<\/em><\/li>\n<li><em>3. S\u00e9lectionnez le niveau souhait\u00e9 \u00e0 l\u2019aide du curseur<\/em><\/li>\n<\/ul>\n<ul style=\"text-align: justify;\">\n<li><strong><em>Mozilla Firefox<\/em><\/strong><\/li>\n<li><em>1. Choisissez le menu \u00ab Outils \u00bb puis \u00ab Options \u00bb<\/em><\/li>\n<li><em>2. Cliquez sur l\u2019onglet \u00ab Vie priv\u00e9e \u00bb<\/em><\/li>\n<li><em>3. Dans la liste d\u00e9roulante \u00ab R\u00e8gles de conservation \u00bb s\u00e9lectionnez le niveau souhait\u00e9<\/em><\/li>\n<\/ul>\n<ul style=\"text-align: justify;\">\n<li><strong><em>Google Chrome<\/em><\/strong><\/li>\n<li><em>1. Cliquez sur l\u2019ic\u00f4ne permettant d\u2019afficher le menu des param\u00e8tres<\/em><\/li>\n<li><em>2. Cliquez sur \u00ab Options \u00bb<\/em><\/li>\n<li><em>3. Dans la zone &#8220;Historique&#8221;, s\u00e9lectionnez &#8220;utiliser les param\u00e8tres personnalis\u00e9s pour l\u2019historique&#8221;<\/em><\/li>\n<li><em>4. Choisissez le niveau souhait\u00e9<\/em><\/li>\n<\/ul>\n<ul style=\"text-align: justify;\">\n<li><strong><em>Safari<\/em><\/strong><\/li>\n<li><em>1. Cliquez dans le menu \u00ab Safari \u00bb<\/em><\/li>\n<li><em>2. Cliquez sur \u00ab Pr\u00e9f\u00e9rences \u00bb<\/em><\/li>\n<li><em>3. Dans l\u2019onglet \u00ab S\u00e9curit\u00e9 \u00bb s\u00e9lectionnez le niveau souhait\u00e9<\/em><\/li>\n<\/ul>\n<p style=\"text-align: justify;\"><span style=\"text-decoration: underline; color: #941914;\"><strong>Traitements des donn\u00e9es \u00e0 caract\u00e8re personnel et finalit\u00e9s<\/strong><\/span><\/p>\n<p style=\"text-align: justify;\">Les donn\u00e9es vous concernant sont recueillies en vue de vous pr\u00e9senter un site internet complet et fonctionnel. Elles ne sont recueillies et trait\u00e9es qu\u2019aux seules fins d\u2019assurer le bon fonctionnement et l\u2019efficacit\u00e9 du site.<\/p>\n<p style=\"text-align: justify;\">Les donn\u00e9es recueillies vous concernant peuvent \u00eatre utilis\u00e9es \u00e0 des fins statistiques en respect de l&#8217;arr\u00eat\u00e9 royal du 13 f\u00e9vrier 2001 portant ex\u00e9cution de la loi du 8 d\u00e9cembre 1992.<\/p>\n<p style=\"text-align: justify;\"><span style=\"color: #ffc630;\"><strong>Formulaire en ligne de candidature<\/strong><\/span><\/p>\n<p style=\"text-align: justify;\">Lorsque vous soumettez une candidature spontan\u00e9e ou postulez pour un poste vacant, nous pouvons collecter tout un ensemble d&#8217;informations, y compris votre nom, adresse postale, num\u00e9ro de t\u00e9l\u00e9phone, adresse \u00e9lectronique, date de naissance ainsi que votre parcours scolaire et professionnel (curriculum vitae).<\/p>\n<p style=\"text-align: justify;\">Les donn\u00e9es que vous nous transmettez sont exclusivement trait\u00e9es et utilis\u00e9es par le D\u00e9partement des Ressources humaines afin de mettre en perspective votre profil professionnel au regard des postes \u00e0 pourvoir au sein de l&#8217;asbl. Ces donn\u00e9es ne font et ne feront pas l&#8217;objet d&#8217;un traitement pour une autre finalit\u00e9.<\/p>\n<p style=\"text-align: justify;\"><span style=\"color: #ffc630;\"><strong>Protection des donn\u00e9es personnelles<\/strong><\/span><\/p>\n<p style=\"text-align: justify;\">Le Casmmu prend des pr\u00e9cautions \u2013 y compris des mesures administratives, techniques et physiques \u2013 pour prot\u00e9ger vos donn\u00e9es personnelles contre la perte, le vol et la mauvaise utilisation, ainsi que l&#8217;acc\u00e8s, la divulgation, l&#8217;alt\u00e9ration et la destruction non autoris\u00e9s ainsi que tout autre traitement non autoris\u00e9 de donn\u00e9es \u00e0 caract\u00e8re personnel.<\/p>\n<p style=\"text-align: justify;\">Le Casmmu ne communique en aucun cas vos donn\u00e9es \u00e0 caract\u00e8re personnel \u00e0 des tiers ni aux collaborateurs non habilit\u00e9s de notre asbl. Le nombre de collaborateurs du Casmmu ayant acc\u00e8s \u00e0 vos donn\u00e9es \u00e0 caract\u00e8re personnel est d\u00e8s lors limit\u00e9 \u00e0 un minimum absolu.<\/p>\n<p style=\"text-align: justify;\">Les informations et donn\u00e9es collect\u00e9es ne sont ni c\u00e9d\u00e9es, ni transmises \u00e0 aucune autre organisation.<\/p>\n<p style=\"text-align: justify;\"><span style=\"color: #ffc630;\"><strong>Stockage des donn\u00e9es<\/strong><\/span><\/p>\n<p style=\"text-align: justify;\">Les donn\u00e9es personnelles concernant les candidatures transmises au Casmmu sont stock\u00e9es dans la base de donn\u00e9es h\u00e9berg\u00e9e au Casmmu.<\/p>\n<p style=\"text-align: justify;\"><span style=\"color: #ffc630;\"><strong>Droit d\u2019acc\u00e8s et de rectification<\/strong><\/span><\/p>\n<p style=\"text-align: justify;\">Les donn\u00e9es personnelles sont conserv\u00e9es pour la dur\u00e9e n\u00e9cessaire aux finalit\u00e9s d\u00e9crites dans la pr\u00e9sente politique de confidentialit\u00e9, sauf si une p\u00e9riode de conservation plus longue est impos\u00e9e ou permise par la loi.<\/p>\n<p style=\"text-align: justify;\">Conform\u00e9ment \u00e0 la l\u00e9gislation en vigueur, vous pouvez vous assurer que vos coordonn\u00e9es et autres renseignements sont exacts, complets et \u00e0 jours. Vous disposez ainsi d&#8217;un droit d&#8217;acc\u00e8s aux informations et donn\u00e9es \u00e0 caract\u00e8re personnel qui vous concernent, ainsi qu&#8217;un droit de rectification au cas o\u00f9 elles seraient erron\u00e9es. Pour ce faire, il suffit de contacter la personne responsable du traitement de vos donn\u00e9es.<\/p>\n<p style=\"text-align: justify;\"><span style=\"text-decoration: underline; color: #941914;\"><strong>Contacts &amp; Informations compl\u00e9mentaires<\/strong><\/span><\/p>\n<p style=\"text-align: justify;\">Pour toute question ou h\u00e9sitations concernant le traitement de vos donn\u00e9es ou notre politique de confidentialit\u00e9, contactez-nous par t\u00e9l\u00e9phone (02\/216.35.48) ou par courrier \u00e0 l\u2019adresse\u00a0:<\/p>\n<p style=\"text-align: justify;\"><strong>Casmmu asbl<\/strong><\/p>\n<p style=\"text-align: justify;\">Mme Florence Crochelet<\/p>\n<p style=\"text-align: justify;\">Avenue Mar\u00e9chal Foch, 11<\/p>\n<p style=\"text-align: justify;\">1030 Bruxelles<\/p>\n","protected":false},"excerpt":{"rendered":"<p>Le pr\u00e9sent document \u00e9tablit la politique de confidentialit\u00e9 \u00e0 laquelle le Casmmu entend se conformer \u00e0 l\u2019\u00e9gard de la collecte, l\u2019utilisation, le transfert et la conservation de vos donn\u00e9es \u00e0 caract\u00e8re personnel. Cet engagement s\u2019inscrit en application de la l\u00e9gislation belge applicable, notamment\u00a0 la loi du 8 d\u00e9cembre 1992 relative \u00e0 la protection de la [&hellip;]<\/p>\n","protected":false},"author":2,"featured_media":0,"parent":0,"menu_order":0,"comment_status":"closed","ping_status":"closed","template":"page-template\/page-sansmenu.php","meta":{"_acf_changed":false,"footnotes":""},"class_list":["post-741","page","type-page","status-publish","hentry"],"acf":[],"yoast_head":"<!-- This site is optimized with the Yoast SEO plugin v27.3 - https:\/\/yoast.com\/product\/yoast-seo-wordpress\/ -->\n<title>Privacybeleid - Habitations Prot\u00e9g\u00e9es CASMMU<\/title>\n<meta name=\"robots\" content=\"index, follow, max-snippet:-1, max-image-preview:large, max-video-preview:-1\" \/>\n<link rel=\"canonical\" href=\"http:\/\/www.casmmu.be\/nl\/privacybeleid\/\" \/>\n<meta property=\"og:locale\" content=\"nl_NL\" \/>\n<meta property=\"og:type\" content=\"article\" \/>\n<meta property=\"og:title\" content=\"Privacybeleid - Habitations Prot\u00e9g\u00e9es CASMMU\" \/>\n<meta property=\"og:description\" content=\"Le pr\u00e9sent document \u00e9tablit la politique de confidentialit\u00e9 \u00e0 laquelle le Casmmu entend se conformer \u00e0 l\u2019\u00e9gard de la collecte, l\u2019utilisation, le transfert et la conservation de vos donn\u00e9es \u00e0 caract\u00e8re personnel. Cet engagement s\u2019inscrit en application de la l\u00e9gislation belge applicable, notamment\u00a0 la loi du 8 d\u00e9cembre 1992 relative \u00e0 la protection de la [&hellip;]\" \/>\n<meta property=\"og:url\" content=\"http:\/\/www.casmmu.be\/nl\/privacybeleid\/\" \/>\n<meta property=\"og:site_name\" content=\"Habitations Prot\u00e9g\u00e9es CASMMU\" \/>\n<meta name=\"twitter:card\" content=\"summary_large_image\" \/>\n<meta name=\"twitter:label1\" content=\"Geschatte leestijd\" \/>\n\t<meta name=\"twitter:data1\" content=\"7 minuten\" \/>\n<script type=\"application\/ld+json\" class=\"yoast-schema-graph\">{\"@context\":\"https:\\\/\\\/schema.org\",\"@graph\":[{\"@type\":\"WebPage\",\"@id\":\"http:\\\/\\\/www.casmmu.be\\\/nl\\\/privacybeleid\\\/\",\"url\":\"http:\\\/\\\/www.casmmu.be\\\/nl\\\/privacybeleid\\\/\",\"name\":\"Privacybeleid - Habitations Prot\u00e9g\u00e9es CASMMU\",\"isPartOf\":{\"@id\":\"https:\\\/\\\/www.casmmu.be\\\/#website\"},\"datePublished\":\"2017-11-13T13:45:59+00:00\",\"breadcrumb\":{\"@id\":\"http:\\\/\\\/www.casmmu.be\\\/nl\\\/privacybeleid\\\/#breadcrumb\"},\"inLanguage\":\"nl-NL\",\"potentialAction\":[{\"@type\":\"ReadAction\",\"target\":[\"http:\\\/\\\/www.casmmu.be\\\/nl\\\/privacybeleid\\\/\"]}]},{\"@type\":\"BreadcrumbList\",\"@id\":\"http:\\\/\\\/www.casmmu.be\\\/nl\\\/privacybeleid\\\/#breadcrumb\",\"itemListElement\":[{\"@type\":\"ListItem\",\"position\":1,\"name\":\"Accueil\",\"item\":\"https:\\\/\\\/www.casmmu.be\\\/nl\\\/\"},{\"@type\":\"ListItem\",\"position\":2,\"name\":\"Privacybeleid\"}]},{\"@type\":\"WebSite\",\"@id\":\"https:\\\/\\\/www.casmmu.be\\\/#website\",\"url\":\"https:\\\/\\\/www.casmmu.be\\\/\",\"name\":\"Habitations Prot\u00e9g\u00e9es CASMMU\",\"description\":\"\",\"potentialAction\":[{\"@type\":\"SearchAction\",\"target\":{\"@type\":\"EntryPoint\",\"urlTemplate\":\"https:\\\/\\\/www.casmmu.be\\\/?s={search_term_string}\"},\"query-input\":{\"@type\":\"PropertyValueSpecification\",\"valueRequired\":true,\"valueName\":\"search_term_string\"}}],\"inLanguage\":\"nl-NL\"}]}<\/script>\n<!-- \/ Yoast SEO plugin. -->","yoast_head_json":{"title":"Privacybeleid - Habitations Prot\u00e9g\u00e9es CASMMU","robots":{"index":"index","follow":"follow","max-snippet":"max-snippet:-1","max-image-preview":"max-image-preview:large","max-video-preview":"max-video-preview:-1"},"canonical":"http:\/\/www.casmmu.be\/nl\/privacybeleid\/","og_locale":"nl_NL","og_type":"article","og_title":"Privacybeleid - Habitations Prot\u00e9g\u00e9es CASMMU","og_description":"Le pr\u00e9sent document \u00e9tablit la politique de confidentialit\u00e9 \u00e0 laquelle le Casmmu entend se conformer \u00e0 l\u2019\u00e9gard de la collecte, l\u2019utilisation, le transfert et la conservation de vos donn\u00e9es \u00e0 caract\u00e8re personnel. Cet engagement s\u2019inscrit en application de la l\u00e9gislation belge applicable, notamment\u00a0 la loi du 8 d\u00e9cembre 1992 relative \u00e0 la protection de la [&hellip;]","og_url":"http:\/\/www.casmmu.be\/nl\/privacybeleid\/","og_site_name":"Habitations Prot\u00e9g\u00e9es CASMMU","twitter_card":"summary_large_image","twitter_misc":{"Geschatte leestijd":"7 minuten"},"schema":{"@context":"https:\/\/schema.org","@graph":[{"@type":"WebPage","@id":"http:\/\/www.casmmu.be\/nl\/privacybeleid\/","url":"http:\/\/www.casmmu.be\/nl\/privacybeleid\/","name":"Privacybeleid - Habitations Prot\u00e9g\u00e9es CASMMU","isPartOf":{"@id":"https:\/\/www.casmmu.be\/#website"},"datePublished":"2017-11-13T13:45:59+00:00","breadcrumb":{"@id":"http:\/\/www.casmmu.be\/nl\/privacybeleid\/#breadcrumb"},"inLanguage":"nl-NL","potentialAction":[{"@type":"ReadAction","target":["http:\/\/www.casmmu.be\/nl\/privacybeleid\/"]}]},{"@type":"BreadcrumbList","@id":"http:\/\/www.casmmu.be\/nl\/privacybeleid\/#breadcrumb","itemListElement":[{"@type":"ListItem","position":1,"name":"Accueil","item":"https:\/\/www.casmmu.be\/nl\/"},{"@type":"ListItem","position":2,"name":"Privacybeleid"}]},{"@type":"WebSite","@id":"https:\/\/www.casmmu.be\/#website","url":"https:\/\/www.casmmu.be\/","name":"Habitations Prot\u00e9g\u00e9es CASMMU","description":"","potentialAction":[{"@type":"SearchAction","target":{"@type":"EntryPoint","urlTemplate":"https:\/\/www.casmmu.be\/?s={search_term_string}"},"query-input":{"@type":"PropertyValueSpecification","valueRequired":true,"valueName":"search_term_string"}}],"inLanguage":"nl-NL"}]}},"_links":{"self":[{"href":"https:\/\/www.casmmu.be\/nl\/wp-json\/wp\/v2\/pages\/741","targetHints":{"allow":["GET"]}}],"collection":[{"href":"https:\/\/www.casmmu.be\/nl\/wp-json\/wp\/v2\/pages"}],"about":[{"href":"https:\/\/www.casmmu.be\/nl\/wp-json\/wp\/v2\/types\/page"}],"author":[{"embeddable":true,"href":"https:\/\/www.casmmu.be\/nl\/wp-json\/wp\/v2\/users\/2"}],"replies":[{"embeddable":true,"href":"https:\/\/www.casmmu.be\/nl\/wp-json\/wp\/v2\/comments?post=741"}],"version-history":[{"count":1,"href":"https:\/\/www.casmmu.be\/nl\/wp-json\/wp\/v2\/pages\/741\/revisions"}],"predecessor-version":[{"id":742,"href":"https:\/\/www.casmmu.be\/nl\/wp-json\/wp\/v2\/pages\/741\/revisions\/742"}],"wp:attachment":[{"href":"https:\/\/www.casmmu.be\/nl\/wp-json\/wp\/v2\/media?parent=741"}],"curies":[{"name":"wp","href":"https:\/\/api.w.org\/{rel}","templated":true}]}}